{"id":1642,"date":"2023-01-24T13:21:44","date_gmt":"2023-01-24T13:21:44","guid":{"rendered":"https:\/\/muzabotime.com\/?post_type=product&#038;p=1642"},"modified":"2023-02-22T11:03:27","modified_gmt":"2023-02-22T11:03:27","slug":"tornado-2-kopje","status":"publish","type":"product","link":"https:\/\/muzabotime.com\/en\/product\/tornado-2-kopje\/","title":{"rendered":"Tornadoja q\u00eb e ndryshoi Semin"},"content":{"rendered":"","protected":false},"excerpt":{"rendered":"<p>Vjollca Myftari tashm\u00eb \u00ebsht\u00eb em\u00ebr i njohur p\u00ebr lexuesit e vegj\u00ebl. Pas dy dekadash pun\u00eb si edukatore dhe drejtuese n\u00eb institucione edukuese dhe arsimore p\u00ebr f\u00ebmij\u00ebt parashkollor\u00eb, vjen s\u00ebrish si autore. \u201cTornadoja q\u00eb e ndryshoi Semin\u201d \u00ebsht\u00eb vazhdim i p\u00ebrrall\u00ebz\u00ebs \u201cPishinat mbi gjethe\u201d, e p\u00ebrgatitur me shum\u00eb dashuri nga autorja. Kontakti i p\u00ebrditsh\u00ebm me f\u00ebmij\u00ebt dhe p\u00ebrvoja nj\u00ebzetvje\u00e7are me ta, t\u00eb nd\u00ebrthurura me d\u00ebshir\u00ebn p\u00ebr t\u2019i k\u00ebnaqur sa m\u00eb shum\u00eb, e shtyjn\u00eb Vjollca Myftarin t\u00eb krijoj\u00eb personazhe dhe ndodhi pa fund. Kjo p\u00ebrrall\u00eb shoq\u00ebrohet me ilustrime me ngjyra.<\/p>","protected":false},"featured_media":1699,"template":"","meta":{"_acf_changed":false,"site-sidebar-layout":"default","site-content-layout":"default","ast-global-header-display":"","ast-banner-title-visibility":"","ast-main-header-display":"","ast-hfb-above-header-display":"","ast-hfb-below-header-display":"","ast-hfb-mobile-header-display":"","site-post-title":"","ast-breadcrumbs-content":"","ast-featured-img":"","footer-sml-layout":"","theme-transparent-header-meta":"default","adv-header-id-meta":"","stick-header-meta":"","header-above-stick-meta":"","header-main-stick-meta":"","header-below-stick-meta":""},"product_brand":[],"product_cat":[20,193],"product_tag":[76,80,79],"class_list":{"0":"post-1642","1":"product","2":"type-product","3":"status-publish","4":"has-post-thumbnail","6":"product_cat-per-femije","7":"product_cat-perralle","8":"product_tag-aventure","9":"product_tag-femije","10":"product_tag-perralla","11":"desktop-align-left","12":"tablet-align-left","13":"mobile-align-left","15":"first","16":"instock","17":"downloadable","18":"virtual","19":"purchasable","20":"product-type-simple"},"acf":[],"_links":{"self":[{"href":"https:\/\/muzabotime.com\/en\/wp-json\/wp\/v2\/product\/1642","targetHints":{"allow":["GET"]}}],"collection":[{"href":"https:\/\/muzabotime.com\/en\/wp-json\/wp\/v2\/product"}],"about":[{"href":"https:\/\/muzabotime.com\/en\/wp-json\/wp\/v2\/types\/product"}],"wp:featuredmedia":[{"embeddable":true,"href":"https:\/\/muzabotime.com\/en\/wp-json\/wp\/v2\/media\/1699"}],"wp:attachment":[{"href":"https:\/\/muzabotime.com\/en\/wp-json\/wp\/v2\/media?parent=1642"}],"wp:term":[{"taxonomy":"product_brand","embeddable":true,"href":"https:\/\/muzabotime.com\/en\/wp-json\/wp\/v2\/product_brand?post=1642"},{"taxonomy":"product_cat","embeddable":true,"href":"https:\/\/muzabotime.com\/en\/wp-json\/wp\/v2\/product_cat?post=1642"},{"taxonomy":"product_tag","embeddable":true,"href":"https:\/\/muzabotime.com\/en\/wp-json\/wp\/v2\/product_tag?post=1642"}],"curies":[{"name":"wp","href":"https:\/\/api.w.org\/{rel}","templated":true}]}}