{"id":1643,"date":"2023-01-24T14:48:56","date_gmt":"2023-01-24T14:48:56","guid":{"rendered":"https:\/\/muzabotime.com\/?post_type=product&#038;p=1643"},"modified":"2023-02-27T13:25:21","modified_gmt":"2023-02-27T13:25:21","slug":"ani-shoqja-e-derrkucit-shtepiak","status":"publish","type":"product","link":"https:\/\/muzabotime.com\/en\/product\/ani-shoqja-e-derrkucit-shtepiak\/","title":{"rendered":"Ani &#8211; shoqja e derrkucit sht\u00ebpiak"},"content":{"rendered":"<p>S\u00eb shpejti, Botimet Muza do t\u00eb nxjerrin n\u00eb qarkullin v\u00ebllimin e dyt\u00eb, \u201cAni &#8211; shoqja e derrkucit sht\u00ebpiak n\u00eb tapetin e kuq\u201d.<\/p>\n<p>&nbsp;<\/p>","protected":false},"excerpt":{"rendered":"<p>VAJZAT ROZ\u00cb DHE HERONJT\u00cb ME THUNDRA<\/p>\n<p>&nbsp;<\/p>\n<p>Ani shkon n\u00eb klas\u00eb t\u00eb kat\u00ebrt. \u00cbsht\u00eb vajz\u00eb me imagjinat\u00eb, energjike, dhe e k\u00ebndshme &#8211; n\u00eb t\u00eb v\u00ebrtet\u00eb, e till\u00eb \u00ebsht\u00eb n\u00eb sht\u00ebpi. P\u00ebr fat t\u00eb keq, Ani e Shkoll\u00ebs \u00ebsht\u00eb shum\u00eb m\u00eb pak e g\u00ebzueshme. Kur gjendet n\u00eb oborrin e shkoll\u00ebs, e vetme, pa nj\u00eb shoqe, i mbetet vet\u00ebm nj\u00eb mund\u00ebsi: t\u00eb b\u00ebhet m\u00eb e shoq\u00ebrueshme. A mund t\u00eb ndodh\u00eb q\u00eb Ani t\u00eb lidh\u00eb miq\u00ebsi edhe me nj\u00eb derrkuc sht\u00ebpiak kok\u00ebfort\u00eb?<\/p>\n<p>&nbsp;<\/p>\n<p>\u201cAni &#8211; shoqja e derrkucit sht\u00ebpiak\u201d, \u00ebsht\u00eb nj\u00eb histori me ngjyra dhe me njer\u00ebz t\u00eb pazakont\u00eb.<\/p>","protected":false},"featured_media":1693,"template":"","meta":{"_acf_changed":false,"site-sidebar-layout":"default","site-content-layout":"default","ast-global-header-display":"","ast-banner-title-visibility":"","ast-main-header-display":"","ast-hfb-above-header-display":"","ast-hfb-below-header-display":"","ast-hfb-mobile-header-display":"","site-post-title":"","ast-breadcrumbs-content":"","ast-featured-img":"","footer-sml-layout":"","theme-transparent-header-meta":"default","adv-header-id-meta":"","stick-header-meta":"","header-above-stick-meta":"","header-main-stick-meta":"","header-below-stick-meta":""},"product_brand":[],"product_cat":[20,168,41],"product_tag":[39],"class_list":{"0":"post-1643","1":"product","2":"type-product","3":"status-publish","4":"has-post-thumbnail","6":"product_cat-per-femije","7":"product_cat-letersi-europiane","8":"product_cat-te-fundit","9":"product_tag-roman","10":"desktop-align-left","11":"tablet-align-left","12":"mobile-align-left","14":"first","15":"instock","16":"shipping-taxable","17":"purchasable","18":"product-type-simple"},"acf":[],"_links":{"self":[{"href":"https:\/\/muzabotime.com\/en\/wp-json\/wp\/v2\/product\/1643","targetHints":{"allow":["GET"]}}],"collection":[{"href":"https:\/\/muzabotime.com\/en\/wp-json\/wp\/v2\/product"}],"about":[{"href":"https:\/\/muzabotime.com\/en\/wp-json\/wp\/v2\/types\/product"}],"wp:featuredmedia":[{"embeddable":true,"href":"https:\/\/muzabotime.com\/en\/wp-json\/wp\/v2\/media\/1693"}],"wp:attachment":[{"href":"https:\/\/muzabotime.com\/en\/wp-json\/wp\/v2\/media?parent=1643"}],"wp:term":[{"taxonomy":"product_brand","embeddable":true,"href":"https:\/\/muzabotime.com\/en\/wp-json\/wp\/v2\/product_brand?post=1643"},{"taxonomy":"product_cat","embeddable":true,"href":"https:\/\/muzabotime.com\/en\/wp-json\/wp\/v2\/product_cat?post=1643"},{"taxonomy":"product_tag","embeddable":true,"href":"https:\/\/muzabotime.com\/en\/wp-json\/wp\/v2\/product_tag?post=1643"}],"curies":[{"name":"wp","href":"https:\/\/api.w.org\/{rel}","templated":true}]}}