{"id":1647,"date":"2023-01-24T15:38:02","date_gmt":"2023-01-24T15:38:02","guid":{"rendered":"https:\/\/muzabotime.com\/?post_type=product&#038;p=1647"},"modified":"2023-02-27T09:43:43","modified_gmt":"2023-02-27T09:43:43","slug":"ani-shoqja-e-derrkucit-shtepiak-ne-tapetin-e-kuq","status":"publish","type":"product","link":"https:\/\/muzabotime.com\/en\/product\/ani-shoqja-e-derrkucit-shtepiak-ne-tapetin-e-kuq\/","title":{"rendered":"Ani &#8211; shoqja e derrkucit sht\u00ebpiak n\u00eb tapetin e kuq"},"content":{"rendered":"<p>Ani, heroina e seris\u00eb son\u00eb, do t\u00eb guxoj\u00eb s\u00ebrish. K\u00ebt\u00eb her\u00eb misioni i saj \u00ebsht\u00eb edhe m\u00eb fisnik. Vajza \u00e7apk\u00ebne do t\u00eb b\u00ebhet shembull n\u00eb shkoll\u00ebn e saj dhe jo vet\u00ebm q\u00eb nuk do ta humb\u00eb shoq\u00ebrin\u00eb, por tashm\u00eb nx\u00ebn\u00ebset e tjera do t\u00eb d\u00ebshirojn\u00eb ta ken\u00eb sa m\u00eb pran\u00eb vetes.<\/p>","protected":false},"excerpt":{"rendered":"<p><strong>N\u00ebse t\u00eb b\u00ebsh bamir\u00ebsi do t\u00eb ishte e leht\u00eb, at\u00ebher\u00eb do ta b\u00ebnin t\u00eb gjith\u00eb.\u00a0<\/strong><\/p>\n<p>&nbsp;<\/p>\n<p>N\u00eb librin e dyt\u00eb t\u00eb seris\u00eb, Ani frym\u00ebzohet p\u00ebr t\u00eb b\u00ebr\u00eb di\u00e7ka t\u00eb mir\u00eb. Gjat\u00eb or\u00ebs s\u00eb m\u00ebsimit, ata shohin n\u00eb nj\u00eb video se si nj\u00eb uragan i fuqish\u00ebm godet Brazilin. Ani v\u00ebren nj\u00eb vajz\u00eb q\u00eb mban veshur nj\u00eb bluz\u00eb fiks si t\u00eb saj\u00ebn. Di\u00e7ka i shkoi n\u00ebp\u00ebr mend vrikthi.<\/p>\n<p>S\u00eb bashku me shoqen e saj, Rian, Ani fillon t\u00eb mendoj\u00eb p\u00ebr realizimin e nj\u00eb filmi q\u00eb do t\u00eb shfaqet n\u00eb sall\u00ebn e bibliotek\u00ebs s\u00eb shkoll\u00ebs. Parat\u00eb e mbledhura do t\u00eb p\u00ebrdoren p\u00ebr bamir\u00ebsi n\u00eb Brazil. Por gj\u00ebrat nuk ecin sipas planit.<\/p>\n<p>&nbsp;<\/p>\n<p>Edhe mami i Anit \u00ebsht\u00eb n\u00eb gjendje t\u00eb v\u00ebshtir\u00eb. Ajo duket se e ka kuptuar se nuk mund t\u00eb fitoj\u00eb para n\u00ebp\u00ebrmjet blogut t\u00eb saj, dhe nuk di se \u00e7far\u00eb t\u00eb b\u00ebj\u00eb tjet\u00ebr n\u00eb jet\u00eb. N\u00ebse ka di\u00e7ka q\u00eb Anit nuk i mungon, jan\u00eb idet\u00eb!<\/p>\n<p>&nbsp;<\/p>\n<p>N\u00eb k\u00ebt\u00eb lib\u00ebr t\u00eb dyt\u00eb, Ani m\u00ebson se t\u00eb b\u00ebsh mir\u00eb \u00ebsht\u00eb \u00e7udit\u00ebrisht e leht\u00eb, por edhe&#8230; e v\u00ebshtir\u00eb. N\u00eb fund t\u00eb fundit, \u00e7el\u00ebsi mund t\u00eb jet\u00eb puna n\u00eb grup.<\/p>\n<p>&nbsp;<\/p>","protected":false},"featured_media":1691,"template":"","meta":{"_acf_changed":false,"site-sidebar-layout":"default","site-content-layout":"default","ast-global-header-display":"","ast-banner-title-visibility":"","ast-main-header-display":"","ast-hfb-above-header-display":"","ast-hfb-below-header-display":"","ast-hfb-mobile-header-display":"","site-post-title":"","ast-breadcrumbs-content":"","ast-featured-img":"","footer-sml-layout":"","theme-transparent-header-meta":"default","adv-header-id-meta":"","stick-header-meta":"","header-above-stick-meta":"","header-main-stick-meta":"","header-below-stick-meta":""},"product_brand":[],"product_cat":[20,168,41],"product_tag":[],"class_list":{"0":"post-1647","1":"product","2":"type-product","3":"status-publish","4":"has-post-thumbnail","6":"product_cat-per-femije","7":"product_cat-letersi-europiane","8":"product_cat-te-fundit","9":"desktop-align-left","10":"tablet-align-left","11":"mobile-align-left","13":"first","14":"instock","15":"shipping-taxable","16":"purchasable","17":"product-type-simple"},"acf":[],"_links":{"self":[{"href":"https:\/\/muzabotime.com\/en\/wp-json\/wp\/v2\/product\/1647","targetHints":{"allow":["GET"]}}],"collection":[{"href":"https:\/\/muzabotime.com\/en\/wp-json\/wp\/v2\/product"}],"about":[{"href":"https:\/\/muzabotime.com\/en\/wp-json\/wp\/v2\/types\/product"}],"wp:featuredmedia":[{"embeddable":true,"href":"https:\/\/muzabotime.com\/en\/wp-json\/wp\/v2\/media\/1691"}],"wp:attachment":[{"href":"https:\/\/muzabotime.com\/en\/wp-json\/wp\/v2\/media?parent=1647"}],"wp:term":[{"taxonomy":"product_brand","embeddable":true,"href":"https:\/\/muzabotime.com\/en\/wp-json\/wp\/v2\/product_brand?post=1647"},{"taxonomy":"product_cat","embeddable":true,"href":"https:\/\/muzabotime.com\/en\/wp-json\/wp\/v2\/product_cat?post=1647"},{"taxonomy":"product_tag","embeddable":true,"href":"https:\/\/muzabotime.com\/en\/wp-json\/wp\/v2\/product_tag?post=1647"}],"curies":[{"name":"wp","href":"https:\/\/api.w.org\/{rel}","templated":true}]}}