{"id":1649,"date":"2023-01-24T15:42:29","date_gmt":"2023-01-24T15:42:29","guid":{"rendered":"https:\/\/muzabotime.com\/?post_type=product&#038;p=1649"},"modified":"2023-02-27T09:34:06","modified_gmt":"2023-02-27T09:34:06","slug":"aventurat-e-djaloshit-lupen-ne-ndjekje-te-doktor-mustaqes","status":"publish","type":"product","link":"https:\/\/muzabotime.com\/en\/product\/aventurat-e-djaloshit-lupen-ne-ndjekje-te-doktor-mustaqes\/","title":{"rendered":"Aventurat e djaloshit Lupen &#8211; N\u00eb ndjekje t\u00eb Doktor Mustaqes"},"content":{"rendered":"","protected":false},"excerpt":{"rendered":"<p>Edhe hajduti m\u00eb fam\u00ebkeq n\u00eb bot\u00eb, Arsen Lupen, i cili frym\u00ebzoi serialin hit n\u00eb Netflix, \u201cLupen\u201d, ishte dikur f\u00ebmij\u00eb.<\/p>\n<p>Dhe ai pati aventura t\u00eb m\u00ebdha.<\/p>\n<p>Mes kthesave t\u00eb rrezikshme, arratisjeve t\u00eb guximshme, maskimeve dhe mashtrimeve, Marta Palazzesi &#8211; fituese e Premio Strega 2020 Ragazze e Ragazzi &#8211; e kthen lexuesin n\u00eb t\u00eb kaluar\u00ebn aventureske t\u00eb Arsen Lupenit, p\u00ebr t\u00eb zbuluar se si ai u b\u00eb hajduti zot\u00ebri m\u00eb i njohur dhe m\u00eb i dashur n\u00eb bot\u00eb.<\/p>","protected":false},"featured_media":1697,"template":"","meta":{"_acf_changed":false,"site-sidebar-layout":"default","site-content-layout":"default","ast-global-header-display":"","ast-banner-title-visibility":"","ast-main-header-display":"","ast-hfb-above-header-display":"","ast-hfb-below-header-display":"","ast-hfb-mobile-header-display":"","site-post-title":"","ast-breadcrumbs-content":"","ast-featured-img":"","footer-sml-layout":"","theme-transparent-header-meta":"default","adv-header-id-meta":"","stick-header-meta":"","header-above-stick-meta":"","header-main-stick-meta":"","header-below-stick-meta":""},"product_brand":[],"product_cat":[22,20,38,168,21,41],"product_tag":[77,76,78],"class_list":{"0":"post-1649","1":"product","2":"type-product","3":"status-publish","4":"has-post-thumbnail","6":"product_cat-aventure","7":"product_cat-per-femije","8":"product_cat-per-te-rinj","9":"product_cat-letersi-europiane","10":"product_cat-roman","11":"product_cat-te-fundit","12":"product_tag-aksion","13":"product_tag-aventure","14":"product_tag-mister","15":"desktop-align-left","16":"tablet-align-left","17":"mobile-align-left","19":"first","20":"instock","21":"shipping-taxable","22":"purchasable","23":"product-type-simple"},"acf":[],"_links":{"self":[{"href":"https:\/\/muzabotime.com\/en\/wp-json\/wp\/v2\/product\/1649","targetHints":{"allow":["GET"]}}],"collection":[{"href":"https:\/\/muzabotime.com\/en\/wp-json\/wp\/v2\/product"}],"about":[{"href":"https:\/\/muzabotime.com\/en\/wp-json\/wp\/v2\/types\/product"}],"wp:featuredmedia":[{"embeddable":true,"href":"https:\/\/muzabotime.com\/en\/wp-json\/wp\/v2\/media\/1697"}],"wp:attachment":[{"href":"https:\/\/muzabotime.com\/en\/wp-json\/wp\/v2\/media?parent=1649"}],"wp:term":[{"taxonomy":"product_brand","embeddable":true,"href":"https:\/\/muzabotime.com\/en\/wp-json\/wp\/v2\/product_brand?post=1649"},{"taxonomy":"product_cat","embeddable":true,"href":"https:\/\/muzabotime.com\/en\/wp-json\/wp\/v2\/product_cat?post=1649"},{"taxonomy":"product_tag","embeddable":true,"href":"https:\/\/muzabotime.com\/en\/wp-json\/wp\/v2\/product_tag?post=1649"}],"curies":[{"name":"wp","href":"https:\/\/api.w.org\/{rel}","templated":true}]}}