{"id":1651,"date":"2023-01-24T15:44:19","date_gmt":"2023-01-24T15:44:19","guid":{"rendered":"https:\/\/muzabotime.com\/?post_type=product&#038;p=1651"},"modified":"2023-02-17T08:49:15","modified_gmt":"2023-02-17T08:49:15","slug":"aventurat-e-djaloshit-lupen-misteri-i-zambakut","status":"publish","type":"product","link":"https:\/\/muzabotime.com\/en\/product\/aventurat-e-djaloshit-lupen-misteri-i-zambakut\/","title":{"rendered":"Aventurat e djaloshit Lupen \u2013 Misteri i zambakut"},"content":{"rendered":"<p>Midis lagjeve t\u00eb varfra t\u00eb Parisit t\u00eb fundit t\u00eb Tet\u00ebqind\u00ebs, t\u00eb gjall\u00ebruar nga Ekspozita Universale dhe nga nj\u00ebqindvjetori i Revolucionit Francez, nj\u00eb aventur\u00eb me nj\u00eb mij\u00eb peripeci na zbulon holl\u00ebsi t\u00eb reja mbi t\u00eb shkuar\u00ebn e hajdutit t\u00eb famsh\u00ebm xhent\u00eblmen: Lupeni kthehet t\u00eb magjeps\u00eb miliona vet\u00eb n\u00eb mbar\u00eb bot\u00ebn.<\/p>\n<p>Mund t\u00eb jet\u00eb edhe hajduti adoleshent m\u00eb dinak dhe i respektuar i qytetit, por s\u2019arrin dot t\u00eb mbaroj\u00eb nj\u00eb loj\u00eb me letra pa u futur n\u00eb telashe. Dhe p\u00ebr Lupenin telashet serioze fillojn\u00eb kur Madam\u00eb Bujarja dhe M\u00ebsje Mashtrimi, drejtuesit e jetimores s\u00eb tij t\u00eb vjet\u00ebr, gjenden pa jet\u00eb. T\u00eb gjith\u00eb e din\u00eb q\u00eb djaloshi hajdut i urren dhe e kan\u00eb par\u00eb t\u00eb grindet me ta pik\u00ebrisht nj\u00eb mbr\u00ebmje m\u00eb par\u00eb. N\u00ebse d\u00ebshiron t\u00eb shp\u00ebtoj\u00eb qaf\u00ebn nga gijotina, Lupeni do t\u00eb duhet t\u00eb zbuloj\u00eb se kush e ka d\u00ebrguar drejt e n\u00eb duart e policis\u00eb letr\u00ebn q\u00eb e ka faj\u00ebsuar, t\u00eb gjej\u00eb vras\u00ebsin e v\u00ebrtet\u00eb dhe, sidomos, t\u00eb zbuloj\u00eb lidhjen midis vrasjes dhe zambakut shum\u00eb t\u00eb \u00e7muar t\u00eb rubin\u00ebve q\u00eb po k\u00ebrkojn\u00eb t\u00eb gjith\u00eb. P\u00ebr t\u2019i zgjidhur enigmat, Lupeni ka v\u00ebrtet nevoj\u00eb p\u00ebr ndihm\u00ebn e mundshme dhe p\u00ebr fat t\u00eb mir\u00eb do t\u00eb mund t\u00eb mb\u00ebshtetet edhe nj\u00eb her\u00eb te shok\u00ebt e p\u00ebrhersh\u00ebm: Klaris\u00eb akrobatja, Siranoja \u2013 zbut\u00ebsi i elefant\u00ebve, Srzh Miu dhe Ganimardi, as m\u00eb shum\u00eb e as m\u00eb pak por djali i shefit t\u00eb policis\u00eb parisiane.<\/p>","protected":false},"excerpt":{"rendered":"<p>Midis lagjeve t\u00eb varfra t\u00eb Parisit t\u00eb fundit t\u00eb Tet\u00ebqind\u00ebs, t\u00eb gjall\u00ebruar nga Ekspozita Universale dhe nga nj\u00ebqindvjetori i Revolucionit Francez, nj\u00eb aventur\u00eb me nj\u00eb mij\u00eb peripeci na zbulon holl\u00ebsi t\u00eb reja mbi t\u00eb shkuar\u00ebn e hajdutit t\u00eb famsh\u00ebm xhent\u00eblmen: Lupeni kthehet t\u00eb magjeps\u00eb miliona vet\u00eb n\u00eb mbar\u00eb bot\u00ebn.<\/p>\n<p>&nbsp;<\/p>","protected":false},"featured_media":1696,"template":"","meta":{"_acf_changed":false,"site-sidebar-layout":"default","site-content-layout":"default","ast-global-header-display":"","ast-banner-title-visibility":"","ast-main-header-display":"","ast-hfb-above-header-display":"","ast-hfb-below-header-display":"","ast-hfb-mobile-header-display":"","site-post-title":"","ast-breadcrumbs-content":"","ast-featured-img":"","footer-sml-layout":"","theme-transparent-header-meta":"default","adv-header-id-meta":"","stick-header-meta":"","header-above-stick-meta":"","header-main-stick-meta":"","header-below-stick-meta":""},"product_brand":[],"product_cat":[22,20,38,40,21],"product_tag":[77,76,78],"class_list":{"0":"post-1651","1":"product","2":"type-product","3":"status-publish","4":"has-post-thumbnail","6":"product_cat-aventure","7":"product_cat-per-femije","8":"product_cat-per-te-rinj","9":"product_cat-me-te-shitur","10":"product_cat-roman","11":"product_tag-aksion","12":"product_tag-aventure","13":"product_tag-mister","14":"desktop-align-left","15":"tablet-align-left","16":"mobile-align-left","18":"first","19":"instock","20":"shipping-taxable","21":"purchasable","22":"product-type-simple"},"acf":[],"_links":{"self":[{"href":"https:\/\/muzabotime.com\/en\/wp-json\/wp\/v2\/product\/1651","targetHints":{"allow":["GET"]}}],"collection":[{"href":"https:\/\/muzabotime.com\/en\/wp-json\/wp\/v2\/product"}],"about":[{"href":"https:\/\/muzabotime.com\/en\/wp-json\/wp\/v2\/types\/product"}],"wp:featuredmedia":[{"embeddable":true,"href":"https:\/\/muzabotime.com\/en\/wp-json\/wp\/v2\/media\/1696"}],"wp:attachment":[{"href":"https:\/\/muzabotime.com\/en\/wp-json\/wp\/v2\/media?parent=1651"}],"wp:term":[{"taxonomy":"product_brand","embeddable":true,"href":"https:\/\/muzabotime.com\/en\/wp-json\/wp\/v2\/product_brand?post=1651"},{"taxonomy":"product_cat","embeddable":true,"href":"https:\/\/muzabotime.com\/en\/wp-json\/wp\/v2\/product_cat?post=1651"},{"taxonomy":"product_tag","embeddable":true,"href":"https:\/\/muzabotime.com\/en\/wp-json\/wp\/v2\/product_tag?post=1651"}],"curies":[{"name":"wp","href":"https:\/\/api.w.org\/{rel}","templated":true}]}}