{"id":1680,"date":"2023-01-27T13:08:34","date_gmt":"2023-01-27T13:08:34","guid":{"rendered":"https:\/\/muzabotime.com\/?post_type=product&#038;p=1680"},"modified":"2023-02-17T12:22:10","modified_gmt":"2023-02-17T12:22:10","slug":"ngrohtesia-e-debores","status":"publish","type":"product","link":"https:\/\/muzabotime.com\/en\/product\/ngrohtesia-e-debores\/","title":{"rendered":"Ngroht\u00ebsia e d\u00ebbor\u00ebs"},"content":{"rendered":"<p>&nbsp;<\/p>\n<p>Nj\u00eb roman i haresh\u00ebm dhe delikat, i zhytur n\u00eb luginat e mbuluara me bor\u00eb t\u00eb Dolomiteve, ku pasionet ngrohin l\u00ebkur\u00ebn dhe t\u00eb papriturat ngat\u00ebrrojn\u00eb zemr\u00ebn. SABRINA GREMENTIERI ka lindur n\u00eb Imola. E diplomuar n\u00eb Gjuh\u00eb t\u00eb Huaja dhe n\u00eb Shkenca Politike me drejtim nd\u00ebrkomb\u00ebtar, ka studiuar p\u00ebr nj\u00eb vit n\u00eb Gjermani, por dashuria e saj e madhe mbetet Italia. Vendi ku jeton dhe q\u00eb d\u00ebshiron t\u00eb kremtoj\u00eb sukseset e librave t\u00eb saj. Tri jan\u00eb pasionet q\u00eb e shoq\u00ebrojn\u00eb ngaher\u00eb: udh\u00ebtimet, leximi dhe t\u00eb shkruarit.<\/p>","protected":false},"excerpt":{"rendered":"<p>NJ\u00cb GRUA E RE, E GATSHME T\u00cb LUFTOJ\u00cb P\u00cbR T\u00cb BIRIN\u00a0 DHE P\u00cbR T\u00cb DREJT\u00cbN E SAJ P\u00cbR T\u00cb DASHURUAR, MIDIS HORIZONTEVE T\u00cb MBULUARA ME BOR\u00cb T\u00cb DOLOMITEVE.<\/p>\n<p>&nbsp;<\/p>\n<p>\u201cNUK DO T\u00cb LEJONTE ASK\u00cbND T\u2019IA MERRTE\u201d. Mali i Alto Adixhes, sht\u00ebpia e gjysh\u00ebrve dhe nj\u00eb f\u00ebmij\u00eb trevje\u00e7ar. Jan\u00eb pik\u00ebrisht k\u00ebto gj\u00ebrat nga t\u00eb cilat Anxhelika, nj\u00eb nj\u00ebzetekat\u00ebrvje\u00e7are kok\u00ebfort\u00eb, nuk do t\u00eb hiqte dor\u00eb kurr\u00eb. Dhe p\u00ebr Matiasin, f\u00ebmij\u00ebn e lindur nga nj\u00eb marr\u00ebdh\u00ebnie e shkurt\u00ebr me Rikardon, Anxhelika \u00ebsht\u00eb e gatshme t\u00eb b\u00ebj\u00eb gjith\u00e7ka. E ka rritur e vetme, pa i th\u00ebn\u00eb asgj\u00eb babait t\u00eb f\u00ebmij\u00ebs: e dinte q\u00eb dy bot\u00ebt e tyre &#8211; ajo, m\u00ebsuese e p\u00ebrkohshme skish; ai, djalosh milanez nga familje e shk\u00eblqyer &#8211; ishin t\u00eb papajtueshme dhe se ai f\u00ebmij\u00eb nuk ishte fryt i dashuris\u00eb, por i nj\u00eb d\u00ebshire t\u00eb zjarrt\u00eb q\u00eb i p\u00ebrfshiu p\u00ebr nja dy jav\u00eb, p\u00ebr t\u2019u shkrir\u00eb pastaj si d\u00ebbora n\u00eb shenjat e para t\u00eb pranver\u00ebs. K\u00ebshtu, Anxhi iu kushtua plot\u00ebsisht vog\u00eblushit, madje duke mos e l\u00ebn\u00eb veten t\u00eb shp\u00ebrqendrohej nga nj\u00eb dashuri e v\u00ebrtet\u00eb, e pjekur dhe e fuqishme: Rioja ka qen\u00eb gjithnj\u00eb nj\u00eb mik p\u00ebr t\u00eb dhe p\u00ebr Matiasin, por tani ajo ndjenj\u00eb \u00ebsht\u00eb rritur duke u shnd\u00ebrruar n\u00eb di\u00e7ka shum\u00eb m\u00eb t\u00eb thell\u00eb, q\u00eb dridhet p\u00ebr t\u2019u \u00e7liruar nga fshik\u00ebza dhe p\u00ebr t\u00eb shpalosur flatrat e saj. Por kur Rikardoja b\u00ebhet s\u00ebrish i gjall\u00eb, gjith\u00e7ka ndryshon: jeta e Anxhelik\u00ebs dhe e njer\u00ebzve q\u00eb e duan gjendet papritur nd\u00ebrdyzash, n\u00eb buz\u00eb t\u00eb gremin\u00ebs.<\/p>","protected":false},"featured_media":1681,"template":"","meta":{"_acf_changed":false,"site-sidebar-layout":"default","site-content-layout":"default","ast-global-header-display":"","ast-banner-title-visibility":"","ast-main-header-display":"","ast-hfb-above-header-display":"","ast-hfb-below-header-display":"","ast-hfb-mobile-header-display":"","site-post-title":"","ast-breadcrumbs-content":"","ast-featured-img":"","footer-sml-layout":"","theme-transparent-header-meta":"default","adv-header-id-meta":"","stick-header-meta":"","header-above-stick-meta":"","header-main-stick-meta":"","header-below-stick-meta":""},"product_brand":[],"product_cat":[21,41],"product_tag":[],"class_list":{"0":"post-1680","1":"product","2":"type-product","3":"status-publish","4":"has-post-thumbnail","6":"product_cat-roman","7":"product_cat-te-fundit","8":"desktop-align-left","9":"tablet-align-left","10":"mobile-align-left","12":"first","13":"instock","14":"shipping-taxable","15":"purchasable","16":"product-type-simple"},"acf":[],"_links":{"self":[{"href":"https:\/\/muzabotime.com\/en\/wp-json\/wp\/v2\/product\/1680","targetHints":{"allow":["GET"]}}],"collection":[{"href":"https:\/\/muzabotime.com\/en\/wp-json\/wp\/v2\/product"}],"about":[{"href":"https:\/\/muzabotime.com\/en\/wp-json\/wp\/v2\/types\/product"}],"wp:featuredmedia":[{"embeddable":true,"href":"https:\/\/muzabotime.com\/en\/wp-json\/wp\/v2\/media\/1681"}],"wp:attachment":[{"href":"https:\/\/muzabotime.com\/en\/wp-json\/wp\/v2\/media?parent=1680"}],"wp:term":[{"taxonomy":"product_brand","embeddable":true,"href":"https:\/\/muzabotime.com\/en\/wp-json\/wp\/v2\/product_brand?post=1680"},{"taxonomy":"product_cat","embeddable":true,"href":"https:\/\/muzabotime.com\/en\/wp-json\/wp\/v2\/product_cat?post=1680"},{"taxonomy":"product_tag","embeddable":true,"href":"https:\/\/muzabotime.com\/en\/wp-json\/wp\/v2\/product_tag?post=1680"}],"curies":[{"name":"wp","href":"https:\/\/api.w.org\/{rel}","templated":true}]}}