{"id":1685,"date":"2023-02-01T15:15:33","date_gmt":"2023-02-01T15:15:33","guid":{"rendered":"https:\/\/muzabotime.com\/?post_type=product&#038;p=1685"},"modified":"2023-02-17T08:46:30","modified_gmt":"2023-02-17T08:46:30","slug":"fuqia-e-zemres","status":"publish","type":"product","link":"https:\/\/muzabotime.com\/en\/product\/fuqia-e-zemres\/","title":{"rendered":"Fuqia e zemr\u00ebs"},"content":{"rendered":"<p>N\u00eb k\u00ebt\u00eb udh\u00ebrr\u00ebfyes t\u00eb bukur shpirt\u00ebror do t\u00eb bashkohesh me grupin e pashoq t\u00eb tet\u00ebmb\u00ebdhjet\u00eb mendimtar\u00ebve shpirt\u00ebror\u00eb, shkrimtar\u00ebve dhe shkenc\u00ebtar\u00ebve m\u00eb t\u00eb m\u00ebdhenj t\u00eb bot\u00ebs, t\u00eb cil\u00ebt tregojn\u00eb se si mund ta zbulosh dhe ta realizosh potencialin t\u00ebnd maksimal.<\/p>\n<p>Kur ishte nj\u00eb avokat i ri, autori Baptist de Pape ndihej i paralizuar nga ankthi, derisa pati nj\u00eb p\u00ebrvoj\u00eb t\u00eb jasht\u00ebzakonshme q\u00eb e \u00e7oi t\u00eb hulumtonte fuqin\u00eb e pabesueshme t\u00eb zemr\u00ebs dhe se si mund t\u00eb na udh\u00ebheq\u00eb drejt jet\u00ebs q\u00eb jemi t\u00eb paracaktuar t\u00eb jetojm\u00eb. N\u00eb nj\u00eb k\u00ebrkim q\u00eb e \u00e7oi n\u00ebp\u00ebr t\u00eb gjith\u00eb bot\u00ebn, Baptist de Pape intervistoi tet\u00ebmb\u00ebdhjet\u00eb ikona, p\u00ebrfshir\u00eb Paulo Coelho-n, Isabel Allende-n, Deepak Chopra-n, Maya Angelou-n, Jane Goodall-in, Eckhart Tolle-n dhe Gary Zukav-in. N\u00ebp\u00ebrmjet historive t\u00eb tyre personale dhe njohurive t\u00eb thella, k\u00ebta lider\u00eb t\u00eb mendimit bashk\u00ebkrijuan me autorin nj\u00eb udh\u00ebrr\u00ebfyes p\u00ebr t\u2019iu qasur dashuris\u00eb s\u00eb pashtershme dhe men\u00e7uris\u00eb s\u00eb zemr\u00ebs; dhe krijimit t\u00eb fuqis\u00eb sate autentike.<\/p>\n<p>Zemra \u00ebsht\u00eb m\u00eb shum\u00eb sesa nj\u00eb organ fizik. Zot\u00ebron nj\u00eb zgjuarsi q\u00eb ia kalon asaj t\u00eb mendjes. N\u00eb k\u00ebto faqe, do t\u00eb m\u00ebsosh ta p\u00ebrdor\u00ebsh men\u00e7urin\u00eb e zemr\u00ebs p\u00ebr t\u2019i shnd\u00ebrruar pik\u00ebpamjet e tua rreth paras\u00eb dhe suksesit, sh\u00ebndetit dhe lumturis\u00eb, marr\u00ebdh\u00ebnieve dhe komunitetit. Nj\u00eb s\u00ebr\u00eb ushtrimesh mendore dhe v\u00ebzhgimesh t\u00eb udh\u00ebheqin t\u00eb aktivizosh fuqit\u00eb e ve\u00e7anta t\u00eb zemr\u00ebs sate si intuit\u00ebn, q\u00ebllimin, mir\u00ebnjohjen, faljen dhe mir\u00ebsin\u00eb.<\/p>\n<p>K\u00ebto m\u00ebsime t\u00eb paharrueshme t\u00eb mjesht\u00ebrve t\u00eb m\u00ebdhenj t\u00eb bot\u00ebs do t\u00eb t\u00eb frym\u00ebzojn\u00eb t\u00eb gjesh, t\u00eb d\u00ebgjosh z\u00ebrin t\u00ebnd t\u00eb brendsh\u00ebm, t\u2019i gjesh kuptim asaj q\u00eb ndodh dhe t\u00eb realizosh q\u00ebllim t\u00ebnd m\u00eb t\u00eb madh n\u00eb jet\u00eb.<\/p>\n<p>BAPTIST DE PAPE \u00ebsht\u00eb nj\u00eb avokat i shnd\u00ebrruar n\u00eb autor dhe kineast q\u00eb ka udh\u00ebtuar n\u00ebp\u00ebr t\u00eb gjith\u00eb bot\u00ebn p\u00ebr t\u00eb intervistuar mjesht\u00ebrit m\u00eb t\u00eb m\u00ebdhenj t\u00eb bot\u00ebs n\u00eb filmin dhe n\u00eb librin \u201c<em>Fuqia e zemr\u00ebs<\/em>\u201d.<\/p>\n<p>&nbsp;<\/p>\n<p>&nbsp;<\/p>","protected":false},"excerpt":{"rendered":"<p>\u00cbSHT\u00cb KOHA T\u00cb ZBULOSH FUQIN\u00cb E ZEMR\u00cbS SATE<\/p>\n<p style=\"text-align: left;\">Q\u00eb nga fillimi i historis\u00eb, mjesht\u00ebrit e m\u00ebdhenj t\u00eb traditave shpirt\u00ebrore bot\u00ebrore e kan\u00eb p\u00ebrshkruar zemr\u00ebn si nj\u00eb burim mir\u00ebkuptimi dhe fuqie t\u00eb v\u00ebrtet\u00eb. Tani, n\u00eb librin \u201c<em>Fuqia e zemr\u00ebs<\/em>\u201d, me ndihm\u00ebn e lider\u00ebve shpirt\u00ebror\u00eb m\u00eb t\u00eb r\u00ebnd\u00ebsish\u00ebm t\u00eb aktualitetit, do t\u00eb zbulosh si t\u00eb lidhesh me potencialin t\u00ebnd maksimal.<\/p>\n<p>A po jeton jet\u00ebn p\u00ebr t\u00eb cil\u00ebn je i paracaktuar?<\/p>\n<p>A po i ndjek \u00ebndrrat e tua dhe po e realizon potencialin e jet\u00ebs sate?<\/p>","protected":false},"featured_media":1695,"template":"","meta":{"_acf_changed":false,"site-sidebar-layout":"default","site-content-layout":"default","ast-global-header-display":"","ast-banner-title-visibility":"","ast-main-header-display":"","ast-hfb-above-header-display":"","ast-hfb-below-header-display":"","ast-hfb-mobile-header-display":"","site-post-title":"","ast-breadcrumbs-content":"","ast-featured-img":"","footer-sml-layout":"","theme-transparent-header-meta":"default","adv-header-id-meta":"","stick-header-meta":"","header-above-stick-meta":"","header-main-stick-meta":"","header-below-stick-meta":""},"product_brand":[],"product_cat":[38,67,40],"product_tag":[71,68,69,70],"class_list":{"0":"post-1685","1":"product","2":"type-product","3":"status-publish","4":"has-post-thumbnail","6":"product_cat-per-te-rinj","7":"product_cat-libra-te-zhvillimit-personal","8":"product_cat-me-te-shitur","9":"product_tag-fuqia-e-zemres","10":"product_tag-motivim","11":"product_tag-vetebesim","12":"product_tag-zhvillim-personal","13":"desktop-align-left","14":"tablet-align-left","15":"mobile-align-left","17":"first","18":"instock","19":"shipping-taxable","20":"purchasable","21":"product-type-simple"},"acf":[],"_links":{"self":[{"href":"https:\/\/muzabotime.com\/en\/wp-json\/wp\/v2\/product\/1685","targetHints":{"allow":["GET"]}}],"collection":[{"href":"https:\/\/muzabotime.com\/en\/wp-json\/wp\/v2\/product"}],"about":[{"href":"https:\/\/muzabotime.com\/en\/wp-json\/wp\/v2\/types\/product"}],"wp:featuredmedia":[{"embeddable":true,"href":"https:\/\/muzabotime.com\/en\/wp-json\/wp\/v2\/media\/1695"}],"wp:attachment":[{"href":"https:\/\/muzabotime.com\/en\/wp-json\/wp\/v2\/media?parent=1685"}],"wp:term":[{"taxonomy":"product_brand","embeddable":true,"href":"https:\/\/muzabotime.com\/en\/wp-json\/wp\/v2\/product_brand?post=1685"},{"taxonomy":"product_cat","embeddable":true,"href":"https:\/\/muzabotime.com\/en\/wp-json\/wp\/v2\/product_cat?post=1685"},{"taxonomy":"product_tag","embeddable":true,"href":"https:\/\/muzabotime.com\/en\/wp-json\/wp\/v2\/product_tag?post=1685"}],"curies":[{"name":"wp","href":"https:\/\/api.w.org\/{rel}","templated":true}]}}