{"id":1700,"date":"2023-02-17T09:37:42","date_gmt":"2023-02-17T09:37:42","guid":{"rendered":"https:\/\/muzabotime.com\/?post_type=product&#038;p=1700"},"modified":"2023-02-22T10:57:28","modified_gmt":"2023-02-22T10:57:28","slug":"pishinat-mbi-gjethe","status":"publish","type":"product","link":"https:\/\/muzabotime.com\/en\/product\/pishinat-mbi-gjethe\/","title":{"rendered":"Pishinat mbi gjethe"},"content":{"rendered":"","protected":false},"excerpt":{"rendered":"<p>Vjollca Myftari tashm\u00eb \u00ebsht\u00eb em\u00ebr i njohur p\u00ebr lexuesit e vegj\u00ebl. Pas dy dekadash pun\u00eb si edukatore dhe drejtuese n\u00eb institucione edukuese dhe arsimore p\u00ebr f\u00ebmij\u00ebt parashkollor\u00eb, vjen s\u00ebrish si autore. \u201cPishinat mbi gjethe\u201d \u00ebsht\u00eb p\u00ebrralla m\u00eb e re e p\u00ebrgatitur me shum\u00eb dashuri nga autorja, por q\u00eb shum\u00eb shpejt do t\u00eb pasohet me dy krijimeve t\u00eb tjera: \u201cTornadoja q\u00eb ndryshoi Semin\u201d dhe Peshku SI\u201d. Kontakti i p\u00ebrditsh\u00ebm me f\u00ebmij\u00ebt dhe p\u00ebrvoja nj\u00ebzetvje\u00e7are me ta, t\u00eb nd\u00ebrthurura me d\u00ebshir\u00ebn p\u00ebr t\u2019i k\u00ebnaqur sa m\u00eb shum\u00eb, e shtyjn\u00eb Vjollca Myftarin t\u00eb krijoj\u00eb personazhe dhe ndodhi pa fund.<\/p>","protected":false},"featured_media":1702,"template":"","meta":{"_acf_changed":false,"site-sidebar-layout":"default","site-content-layout":"default","ast-global-header-display":"","ast-banner-title-visibility":"","ast-main-header-display":"","ast-hfb-above-header-display":"","ast-hfb-below-header-display":"","ast-hfb-mobile-header-display":"","site-post-title":"","ast-breadcrumbs-content":"","ast-featured-img":"","footer-sml-layout":"","theme-transparent-header-meta":"default","adv-header-id-meta":"","stick-header-meta":"","header-above-stick-meta":"","header-main-stick-meta":"","header-below-stick-meta":""},"product_brand":[],"product_cat":[20],"product_tag":[76,83,82],"class_list":{"0":"post-1700","1":"product","2":"type-product","3":"status-publish","4":"has-post-thumbnail","6":"product_cat-per-femije","7":"product_tag-aventure","8":"product_tag-natyre","9":"product_tag-perralle","10":"desktop-align-left","11":"tablet-align-left","12":"mobile-align-left","14":"first","15":"instock","16":"shipping-taxable","17":"purchasable","18":"product-type-simple"},"acf":[],"_links":{"self":[{"href":"https:\/\/muzabotime.com\/en\/wp-json\/wp\/v2\/product\/1700","targetHints":{"allow":["GET"]}}],"collection":[{"href":"https:\/\/muzabotime.com\/en\/wp-json\/wp\/v2\/product"}],"about":[{"href":"https:\/\/muzabotime.com\/en\/wp-json\/wp\/v2\/types\/product"}],"wp:featuredmedia":[{"embeddable":true,"href":"https:\/\/muzabotime.com\/en\/wp-json\/wp\/v2\/media\/1702"}],"wp:attachment":[{"href":"https:\/\/muzabotime.com\/en\/wp-json\/wp\/v2\/media?parent=1700"}],"wp:term":[{"taxonomy":"product_brand","embeddable":true,"href":"https:\/\/muzabotime.com\/en\/wp-json\/wp\/v2\/product_brand?post=1700"},{"taxonomy":"product_cat","embeddable":true,"href":"https:\/\/muzabotime.com\/en\/wp-json\/wp\/v2\/product_cat?post=1700"},{"taxonomy":"product_tag","embeddable":true,"href":"https:\/\/muzabotime.com\/en\/wp-json\/wp\/v2\/product_tag?post=1700"}],"curies":[{"name":"wp","href":"https:\/\/api.w.org\/{rel}","templated":true}]}}