{"id":1705,"date":"2023-02-17T09:43:48","date_gmt":"2023-02-17T09:43:48","guid":{"rendered":"https:\/\/muzabotime.com\/?post_type=product&#038;p=1705"},"modified":"2023-02-22T10:12:42","modified_gmt":"2023-02-22T10:12:42","slug":"miqesi-e-ndaluar","status":"publish","type":"product","link":"https:\/\/muzabotime.com\/en\/product\/miqesi-e-ndaluar\/","title":{"rendered":"Miq\u00ebsi e ndaluar"},"content":{"rendered":"<p>Anne-Marie Conway \u00ebsht\u00eb m\u00ebsuese e shkoll\u00ebs fillore, e specializuar n\u00eb deg\u00ebn e dram\u00ebs. Ajo drejton edhe kompanin\u00eb e saj t\u00eb teatrit p\u00ebr f\u00ebmij\u00ebve, <em>Full Circle<\/em>. Jeton n\u00eb Lond\u00ebr me bashk\u00ebshortin, dy djemt\u00eb e mitur dhe dy mace t\u00eb \u00e7uditshme t\u00eb quajtura Biti dhe Buja. Libri i par\u00eb i Conway-t \u201cPhoebe Finds Her Voice\u201d u p\u00ebrfshi n\u00eb list\u00ebn e titujve p\u00ebr inaugurimin e <em>Times\/Chicken House Children\u2019s Fiction Competition<\/em> dhe u p\u00ebrzgjodh nj\u00eb nga librat q\u00eb duheshin lexuar gjat\u00eb ver\u00ebs s\u00eb vitit 2011.<\/p>","protected":false},"excerpt":{"rendered":"<p>Nga autorja e romanit \u201cVera e fluturave\u201d, tashm\u00eb vjen historia e paharrueshme e nj\u00eb miq\u00ebsie t\u00eb re, e nj\u00eb tragjedie t\u00eb tmerrshme dhe e nj\u00eb g\u00ebnjeshtre t\u00eb varrosur p\u00ebr vite t\u00eb t\u00ebra.<\/p>\n<p>Lizi dhe Bija takohen gjat\u00eb pushimeve verore dhe mes tyre lind nj\u00eb shoq\u00ebri e sinqert\u00eb.<\/p>\n<p>Duke iu b\u00ebr\u00eb bisht prind\u00ebrve e duke eksploruar p\u00ebrreth, dit\u00ebt e nxehta t\u00eb ver\u00ebs po shkonin p\u00ebr bukuri.<\/p>\n<p>Por, nd\u00ebrsa vajzat afrohen nga dita n\u00eb dit\u00eb me nj\u00ebra-tjetr\u00ebn, pyetje t\u00eb \u00e7uditshme fillojn\u00eb t\u00eb lindin&#8230;<\/p>\n<p>A \u00ebsht\u00eb v\u00ebrtet Lizi f\u00ebmij\u00eb i vet\u00ebm? Pse \u00ebsht\u00eb zhdukur babai i Bis\u00eb? Dhe pse, teksa pushimeve u vjen fundi, vajzave u ndalohet t\u00eb takohen s\u00ebrish?<\/p>\n<p>A mund t\u2019i mbaj\u00eb t\u00eb gjitha k\u00ebto p\u00ebrgjigje, nj\u00eb sekret i err\u00ebt i s\u00eb shkuar\u00ebs?<\/p>\n<p>A mund ta ndaj\u00eb nj\u00eb nat\u00eb fatale Lizin dhe Bin\u00eb&#8230; p\u00ebrgjithmon\u00eb?<\/p>","protected":false},"featured_media":1706,"template":"","meta":{"_acf_changed":false,"site-sidebar-layout":"default","site-content-layout":"default","ast-global-header-display":"","ast-banner-title-visibility":"","ast-main-header-display":"","ast-hfb-above-header-display":"","ast-hfb-below-header-display":"","ast-hfb-mobile-header-display":"","site-post-title":"","ast-breadcrumbs-content":"","ast-featured-img":"","footer-sml-layout":"","theme-transparent-header-meta":"default","adv-header-id-meta":"","stick-header-meta":"","header-above-stick-meta":"","header-main-stick-meta":"","header-below-stick-meta":""},"product_brand":[],"product_cat":[20,38,21],"product_tag":[88,76,87,86],"class_list":{"0":"post-1705","1":"product","2":"type-product","3":"status-publish","4":"has-post-thumbnail","6":"product_cat-per-femije","7":"product_cat-per-te-rinj","8":"product_cat-roman","9":"product_tag-adoleshenca","10":"product_tag-aventure","11":"product_tag-dashuri","12":"product_tag-miqesi","13":"desktop-align-left","14":"tablet-align-left","15":"mobile-align-left","17":"first","18":"instock","19":"shipping-taxable","20":"purchasable","21":"product-type-simple"},"acf":[],"_links":{"self":[{"href":"https:\/\/muzabotime.com\/en\/wp-json\/wp\/v2\/product\/1705","targetHints":{"allow":["GET"]}}],"collection":[{"href":"https:\/\/muzabotime.com\/en\/wp-json\/wp\/v2\/product"}],"about":[{"href":"https:\/\/muzabotime.com\/en\/wp-json\/wp\/v2\/types\/product"}],"wp:featuredmedia":[{"embeddable":true,"href":"https:\/\/muzabotime.com\/en\/wp-json\/wp\/v2\/media\/1706"}],"wp:attachment":[{"href":"https:\/\/muzabotime.com\/en\/wp-json\/wp\/v2\/media?parent=1705"}],"wp:term":[{"taxonomy":"product_brand","embeddable":true,"href":"https:\/\/muzabotime.com\/en\/wp-json\/wp\/v2\/product_brand?post=1705"},{"taxonomy":"product_cat","embeddable":true,"href":"https:\/\/muzabotime.com\/en\/wp-json\/wp\/v2\/product_cat?post=1705"},{"taxonomy":"product_tag","embeddable":true,"href":"https:\/\/muzabotime.com\/en\/wp-json\/wp\/v2\/product_tag?post=1705"}],"curies":[{"name":"wp","href":"https:\/\/api.w.org\/{rel}","templated":true}]}}