{"id":1711,"date":"2023-02-17T09:56:21","date_gmt":"2023-02-17T09:56:21","guid":{"rendered":"https:\/\/muzabotime.com\/?post_type=product&#038;p=1711"},"modified":"2023-02-17T10:27:59","modified_gmt":"2023-02-17T10:27:59","slug":"gjuetari-i-shtrigave","status":"publish","type":"product","link":"https:\/\/muzabotime.com\/en\/product\/gjuetari-i-shtrigave\/","title":{"rendered":"Gjuetari i shtrigave"},"content":{"rendered":"","protected":false},"excerpt":{"rendered":"<p>\u201cGjuetari i shtrigave\u201d, libri i par\u00eb i seris\u00eb thriller me protagoniste detektiven Xhesika Niemi, \u00ebsht\u00eb <em>New York Times<\/em> dhe <em>Spiegel Bestseller<\/em>. Po p\u00ebrkthehet n\u00eb 40 gjuh\u00eb t\u00eb ndryshme dhe s\u00eb shpejti do t\u00eb jet\u00eb edhe serial televiziv n\u00eb Hollywood nga Greg Silverman i <em>Stampede Ventures<\/em>.<\/p>\n<p>Detektivja Xhesika Niemi po heton nj\u00eb rast t\u00eb jasht\u00ebzakonsh\u00ebm vrasjeje n\u00eb seri. Gruaja e shkrimtarit t\u00eb famsh\u00ebm, Roxher Koponenit, duket se \u00ebsht\u00eb vrar\u00eb n\u00eb nj\u00eb ritual t\u00eb \u00e7uditsh\u00ebm. Por asgj\u00eb nuk \u00ebsht\u00eb e rast\u00ebsishme \u2013 autori i krimit ndjek pik\u00eb p\u00ebr pik\u00eb modelin e rr\u00ebfyer n\u00eb librin m\u00eb t\u00eb shitur t\u00eb koh\u00ebs. A \u00ebsht\u00eb \u00e7mendur lexuesi besnik i Roxher Koponenit, apo kemi t\u00eb b\u00ebjm\u00eb me nj\u00eb \u00e7\u00ebshtje tejet personale? Si mund ta ndaloj\u00eb Xhesika nj\u00eb kriminel q\u00eb di \u00e7do holl\u00ebsi t\u00eb librit edhe m\u00eb mir\u00eb se vet\u00eb autori?<\/p>","protected":false},"featured_media":1712,"template":"","meta":{"_acf_changed":false,"site-sidebar-layout":"default","site-content-layout":"default","ast-global-header-display":"","ast-banner-title-visibility":"","ast-main-header-display":"","ast-hfb-above-header-display":"","ast-hfb-below-header-display":"","ast-hfb-mobile-header-display":"","site-post-title":"","ast-breadcrumbs-content":"","ast-featured-img":"","footer-sml-layout":"","theme-transparent-header-meta":"default","adv-header-id-meta":"","stick-header-meta":"","header-above-stick-meta":"","header-main-stick-meta":"","header-below-stick-meta":""},"product_brand":[],"product_cat":[93,40,21],"product_tag":[95,78,92,94],"class_list":{"0":"post-1711","1":"product","2":"type-product","3":"status-publish","4":"has-post-thumbnail","6":"product_cat-bestseller","7":"product_cat-me-te-shitur","8":"product_cat-roman","9":"product_tag-krim","10":"product_tag-mister","11":"product_tag-thriller","12":"product_tag-vrasje","13":"desktop-align-left","14":"tablet-align-left","15":"mobile-align-left","17":"first","18":"instock","19":"shipping-taxable","20":"purchasable","21":"product-type-simple"},"acf":[],"_links":{"self":[{"href":"https:\/\/muzabotime.com\/en\/wp-json\/wp\/v2\/product\/1711","targetHints":{"allow":["GET"]}}],"collection":[{"href":"https:\/\/muzabotime.com\/en\/wp-json\/wp\/v2\/product"}],"about":[{"href":"https:\/\/muzabotime.com\/en\/wp-json\/wp\/v2\/types\/product"}],"wp:featuredmedia":[{"embeddable":true,"href":"https:\/\/muzabotime.com\/en\/wp-json\/wp\/v2\/media\/1712"}],"wp:attachment":[{"href":"https:\/\/muzabotime.com\/en\/wp-json\/wp\/v2\/media?parent=1711"}],"wp:term":[{"taxonomy":"product_brand","embeddable":true,"href":"https:\/\/muzabotime.com\/en\/wp-json\/wp\/v2\/product_brand?post=1711"},{"taxonomy":"product_cat","embeddable":true,"href":"https:\/\/muzabotime.com\/en\/wp-json\/wp\/v2\/product_cat?post=1711"},{"taxonomy":"product_tag","embeddable":true,"href":"https:\/\/muzabotime.com\/en\/wp-json\/wp\/v2\/product_tag?post=1711"}],"curies":[{"name":"wp","href":"https:\/\/api.w.org\/{rel}","templated":true}]}}