{"id":1723,"date":"2023-02-21T15:46:32","date_gmt":"2023-02-21T15:46:32","guid":{"rendered":"https:\/\/muzabotime.com\/?post_type=product&#038;p=1723"},"modified":"2023-02-21T15:49:45","modified_gmt":"2023-02-21T15:49:45","slug":"pergjithmone-bashke","status":"publish","type":"product","link":"https:\/\/muzabotime.com\/en\/product\/pergjithmone-bashke\/","title":{"rendered":"P\u00ebrgjithmon\u00eb bashk\u00eb"},"content":{"rendered":"","protected":false},"excerpt":{"rendered":"<p>AUTORE BESTSELLER E NEW YORK TIMES DHE USA TODAY<\/p>\n<p>Historia e nj\u00eb gruaje q\u00eb sfidon fuqin\u00eb dhe fatin e saj n\u00eb nj\u00eb bot\u00eb maskiliste, p\u00ebrmbyllet n\u00eb m\u00ebnyr\u00ebn m\u00eb intriguese dhe t\u00eb ndier, duke gjetur dashurin\u00eb e v\u00ebrtet\u00eb.<\/p>\n<p>Grejs Hadsoni, e vetmja inxhiniere fem\u00ebr n\u00eb departament, vazhdon t\u00eb ndihet e l\u00ebnduar dhe e traumatizuar nga lidhja e m\u00ebparshme. Ajo vendos t\u2019i p\u00ebrkushtohet karrier\u00ebs dhe profesionit t\u00eb saj. Por, edhe pse e zhytur n\u00eb pun\u00eb, nj\u00eb flirtim i rast\u00ebsish\u00ebm, me nj\u00eb t\u00eb panjohur, n\u00eb nj\u00eb nga kafenet\u00eb e qytetit, nuk do t\u00eb ishte keq p\u00ebr t\u00eb.<\/p>\n<p>N\u00eb pak minuta q\u00eb shikimet e tyre u shk\u00ebmbyen, Grejsi arriti ta godiste zemr\u00ebn e Damian Lokit, investitorit m\u00eb t\u00eb ri e t\u00eb pash\u00ebm n\u00eb qytet. I vendosur p\u00ebr ta \u00e7uar p\u00ebrpara projektin e tij dhe p\u00ebr ta shp\u00ebtuar kompanin\u00eb nga falimentimi, pas t\u00ebrheqjes s\u00eb nj\u00eb nd\u00ebr bashk\u00eb-financuesve, Damiani dukej se nuk e kishte mendjen te dashuria. E megjithat\u00eb, ai do t\u00eb \u00e7uditet kur t\u00eb zbuloj\u00eb se gjat\u00eb takimit me bordin e Zyr\u00ebs s\u00eb Urbanistik\u00ebs, nj\u00eb projekt i p\u00ebrbashk\u00ebt do t\u00eb kryq\u00ebzoj\u00eb jet\u00ebn e tij me at\u00eb Grejsit.<\/p>\n<p>Fisnik\u00ebria dhe sharmi i Damianit ishin v\u00ebshtir\u00eb t\u00eb mos viheshin re, madje edhe p\u00ebr zemr\u00ebn e l\u00ebnduar t\u00eb Grejsit. Por kur p\u00ebrballet me akuza p\u00ebr mitmarrje, e gjith\u00eb bota e saj u kthye p\u00ebrmbys. M\u00eb keq akoma, di\u00e7ka m\u00eb shum\u00eb se sa profesioni i saj tanim\u00eb ishin n\u00eb fije t\u00eb perit.<\/p>\n<p>Mes karrier\u00ebs s\u00eb tronditur dhe jet\u00ebs n\u00eb rrezik, Grejsi kthen syt\u00eb nga Damiani. Por, a do t\u00eb rrezikoj\u00eb ajo deri n\u00eb at\u00eb pik\u00eb sa ta hedh\u00eb edhe dashurin\u00eb e saj n\u00eb zjarr?<\/p>\n<p>&nbsp;<\/p>\n<p>Me romanin \u201cP\u00ebrgjithmon\u00eb bashk\u00eb\u201d mbyllet trilogjia <em>Creek Canyon<\/em>.<\/p>\n<p>Libri i par\u00eb: \u201cShtegu p\u00ebr tek ti\u201d<\/p>\n<p>Libri i dyt\u00eb: \u201cStreha e dashuris\u00eb\u201d<\/p>","protected":false},"featured_media":1724,"template":"","meta":{"_acf_changed":false,"site-sidebar-layout":"default","site-content-layout":"default","ast-global-header-display":"","ast-banner-title-visibility":"","ast-main-header-display":"","ast-hfb-above-header-display":"","ast-hfb-below-header-display":"","ast-hfb-mobile-header-display":"","site-post-title":"","ast-breadcrumbs-content":"","ast-featured-img":"","footer-sml-layout":"","theme-transparent-header-meta":"default","adv-header-id-meta":"","stick-header-meta":"","header-above-stick-meta":"","header-main-stick-meta":"","header-below-stick-meta":""},"product_brand":[],"product_cat":[93,115,40,21],"product_tag":[],"class_list":{"0":"post-1723","1":"product","2":"type-product","3":"status-publish","4":"has-post-thumbnail","6":"product_cat-bestseller","7":"product_cat-letersi-amerikane","8":"product_cat-me-te-shitur","9":"product_cat-roman","10":"desktop-align-left","11":"tablet-align-left","12":"mobile-align-left","14":"first","15":"instock","16":"shipping-taxable","17":"purchasable","18":"product-type-simple"},"acf":[],"_links":{"self":[{"href":"https:\/\/muzabotime.com\/en\/wp-json\/wp\/v2\/product\/1723","targetHints":{"allow":["GET"]}}],"collection":[{"href":"https:\/\/muzabotime.com\/en\/wp-json\/wp\/v2\/product"}],"about":[{"href":"https:\/\/muzabotime.com\/en\/wp-json\/wp\/v2\/types\/product"}],"wp:featuredmedia":[{"embeddable":true,"href":"https:\/\/muzabotime.com\/en\/wp-json\/wp\/v2\/media\/1724"}],"wp:attachment":[{"href":"https:\/\/muzabotime.com\/en\/wp-json\/wp\/v2\/media?parent=1723"}],"wp:term":[{"taxonomy":"product_brand","embeddable":true,"href":"https:\/\/muzabotime.com\/en\/wp-json\/wp\/v2\/product_brand?post=1723"},{"taxonomy":"product_cat","embeddable":true,"href":"https:\/\/muzabotime.com\/en\/wp-json\/wp\/v2\/product_cat?post=1723"},{"taxonomy":"product_tag","embeddable":true,"href":"https:\/\/muzabotime.com\/en\/wp-json\/wp\/v2\/product_tag?post=1723"}],"curies":[{"name":"wp","href":"https:\/\/api.w.org\/{rel}","templated":true}]}}