{"id":1733,"date":"2023-02-21T16:27:49","date_gmt":"2023-02-21T16:27:49","guid":{"rendered":"https:\/\/muzabotime.com\/?post_type=product&#038;p=1733"},"modified":"2023-02-21T16:27:49","modified_gmt":"2023-02-21T16:27:49","slug":"karremi-i-putinit","status":"publish","type":"product","link":"https:\/\/muzabotime.com\/en\/product\/karremi-i-putinit\/","title":{"rendered":"Karremi i Putinit"},"content":{"rendered":"<p>Nj\u00eb rr\u00ebfim rr\u00ebqeth\u00ebs i luft\u00ebs informative t\u00eb nd\u00ebrmarr\u00eb nga rus\u00ebt.<\/p>\n<p>N\u00eb k\u00ebt\u00eb lib\u00ebr t\u00eb guximsh\u00ebm dhe t\u00eb pal\u00ebkundur, gazetarja Jessikka Aro nd\u00ebrthur historin\u00eb e saj dramatike si nj\u00eb objektiv i propagand\u00ebs s\u00eb medieve sociale ruse me llogarit\u00eb e shum\u00eb kritik\u00ebve t\u00eb njohur nd\u00ebrkomb\u00ebtarisht t\u00eb Kremlinit, t\u00eb cil\u00ebt ndajn\u00eb historit\u00eb e tyre t\u00eb sh\u00ebnjestruara nga lufta kibernetike e shumanshme e Rusis\u00eb.<\/p>","protected":false},"excerpt":{"rendered":"<p>\u201cJessikka Aro ka shkruar nj\u00eb lib\u00ebr t\u00eb friksh\u00ebm dhe nj\u00ebkoh\u00ebsisht magjeps\u00ebs, duke kronizuar luft\u00ebn informative ruse n\u00eb detaje t\u00eb pakund\u00ebrshtueshme. Ekspozimi i p\u00ebrbind\u00ebshave medietik\u00eb t\u00eb presidentit Putin \u00ebsht\u00eb pun\u00eb e rrezikshme, jetike dhe n\u00eb fund t\u00eb fundit, heroike.\u201d \u2013 Anne-Marie Slough<\/p>\n<p>\u201cDuke shtjelluar operacionet e institucionalizuara t\u00eb trollimit t\u00eb Putinit, Jessikka Aro ka shkuar deri atje ku askush nuk ka pasur guximin t\u00eb shkoj\u00eb m\u00eb par\u00eb, duke marr\u00eb p\u00ebrsip\u00ebr nj\u00eb rrezik t\u00eb jasht\u00ebzakonsh\u00ebm. Ajo i ka b\u00ebr\u00eb bot\u00ebs nj\u00eb sh\u00ebrbim t\u00eb madh, duke na treguar se si funksionojn\u00eb k\u00ebto taktika, me q\u00ebllim q\u00eb t\u00eb mbrohemi e t\u00eb ecim p\u00ebrpara.\u201d &#8211; Bill Brouder<\/p>\n<p>\u201cNj\u00eb lib\u00ebr i r\u00ebnd\u00ebsish\u00ebm p\u00ebr ata q\u00eb duan t\u00eb kuptojn\u00eb m\u00ebnyrat komplekse dhe p\u00ebshtjelluese se si prodhohet realiteti n\u00eb epok\u00ebn digjitale. Historia e Aros sh\u00ebrben si nj\u00eb fener n\u00eb bot\u00ebn e err\u00ebt t\u00eb operacioneve t\u00eb manipulimit t\u00eb informacionit n\u00eb internet, q\u00eb mund t\u00eb shkat\u00ebrrojn\u00eb jet\u00ebn e individ\u00ebve dhe sh\u00ebndetin e demokracive.\u201d &#8211; Liza Ual<\/p>\n<p>Jessikka zbuloi se qytetar\u00ebt po binin pre e fushatave informative t\u00eb projektuara nga Kremlini. K\u00ebto fushata kryheshin p\u00ebrmes \u201cfabrik\u00ebs s\u00eb prodhimit t\u00eb p\u00ebrbind\u00ebshave medietik\u00eb\u201d, e cila organizohej dhe drejtohej nga strukturat e siguris\u00eb dhe t\u00eb inteligjenc\u00ebs ruse, duke p\u00ebrdorur platformat YouTube, Facebook dhe Twitter.<\/p>","protected":false},"featured_media":1734,"template":"","meta":{"_acf_changed":false,"site-sidebar-layout":"default","site-content-layout":"default","ast-global-header-display":"","ast-banner-title-visibility":"","ast-main-header-display":"","ast-hfb-above-header-display":"","ast-hfb-below-header-display":"","ast-hfb-mobile-header-display":"","site-post-title":"","ast-breadcrumbs-content":"","ast-featured-img":"","footer-sml-layout":"","theme-transparent-header-meta":"default","adv-header-id-meta":"","stick-header-meta":"","header-above-stick-meta":"","header-main-stick-meta":"","header-below-stick-meta":""},"product_brand":[],"product_cat":[40,41],"product_tag":[137,140,139,138],"class_list":{"0":"post-1733","1":"product","2":"type-product","3":"status-publish","4":"has-post-thumbnail","6":"product_cat-me-te-shitur","7":"product_cat-te-fundit","8":"product_tag-gazetari","9":"product_tag-informacion","10":"product_tag-investigim","11":"product_tag-medie","12":"desktop-align-left","13":"tablet-align-left","14":"mobile-align-left","16":"first","17":"instock","18":"shipping-taxable","19":"purchasable","20":"product-type-simple"},"acf":[],"_links":{"self":[{"href":"https:\/\/muzabotime.com\/en\/wp-json\/wp\/v2\/product\/1733","targetHints":{"allow":["GET"]}}],"collection":[{"href":"https:\/\/muzabotime.com\/en\/wp-json\/wp\/v2\/product"}],"about":[{"href":"https:\/\/muzabotime.com\/en\/wp-json\/wp\/v2\/types\/product"}],"wp:featuredmedia":[{"embeddable":true,"href":"https:\/\/muzabotime.com\/en\/wp-json\/wp\/v2\/media\/1734"}],"wp:attachment":[{"href":"https:\/\/muzabotime.com\/en\/wp-json\/wp\/v2\/media?parent=1733"}],"wp:term":[{"taxonomy":"product_brand","embeddable":true,"href":"https:\/\/muzabotime.com\/en\/wp-json\/wp\/v2\/product_brand?post=1733"},{"taxonomy":"product_cat","embeddable":true,"href":"https:\/\/muzabotime.com\/en\/wp-json\/wp\/v2\/product_cat?post=1733"},{"taxonomy":"product_tag","embeddable":true,"href":"https:\/\/muzabotime.com\/en\/wp-json\/wp\/v2\/product_tag?post=1733"}],"curies":[{"name":"wp","href":"https:\/\/api.w.org\/{rel}","templated":true}]}}