{"id":1739,"date":"2023-02-22T09:12:56","date_gmt":"2023-02-22T09:12:56","guid":{"rendered":"https:\/\/muzabotime.com\/?post_type=product&#038;p=1739"},"modified":"2023-02-22T09:12:56","modified_gmt":"2023-02-22T09:12:56","slug":"shko-ne-ferr-dante","status":"publish","type":"product","link":"https:\/\/muzabotime.com\/en\/product\/shko-ne-ferr-dante\/","title":{"rendered":"Shko n\u00eb ferr, Dante!"},"content":{"rendered":"","protected":false},"excerpt":{"rendered":"<p>N\u00eb Firence \u00ebsht\u00eb nj\u00eb vil\u00eb luksoze e Pes\u00ebqind\u00ebs, Galjarda. Pik\u00ebrisht aty jeton Vaskoja, kat\u00ebrmb\u00ebdhjet\u00eb vje\u00e7, nj\u00eb rruga\u00e7 i pandreqsh\u00ebm i m\u00ebsuar t\u00eb keqtrajtoj\u00eb m\u00ebsues, shok\u00eb dhe familjar\u00eb. N\u00eb shkoll\u00eb Vaskoja t\u00eb dhimbset, n\u00eb k\u00ebmbim \u00ebsht\u00eb i pathyesh\u00ebm n\u00eb Fortnite dhe projekton t\u00eb b\u00ebhet nj\u00eb gamer profesionist. Derisa nj\u00eb dit\u00eb mundet nga nj\u00eb kund\u00ebrshtar q\u00eb quhet Dante dhe mban k\u00ebsul\u00ebn klasike t\u00eb Poetit. Por kush \u00ebsht\u00eb? Dhe pse flet n\u00eb vargje? Sapo mundet, Vaskoja kthehet n\u00eb pozicion dhe k\u00ebrkon revanshin, pa ditur q\u00eb sfida m\u00eb nxit\u00ebse e jet\u00ebs s\u00eb tij sapo ka filluar. Luigi Garlando i jep jet\u00eb nj\u00eb romani piroteknik, ku, me nj\u00ebmb\u00ebdhjet\u00ebrrok\u00ebsha dhe Beteja Reale, nj\u00eb adoleshent i sot\u00ebm do t\u00eb duhet t\u00eb ket\u00eb pun\u00eb me mjeshtrin m\u00eb t\u00eb shquar dhe shp\u00ebrthyes: Dante Alighieri-n.<\/p>","protected":false},"featured_media":1740,"template":"","meta":{"_acf_changed":false,"site-sidebar-layout":"default","site-content-layout":"default","ast-global-header-display":"","ast-banner-title-visibility":"","ast-main-header-display":"","ast-hfb-above-header-display":"","ast-hfb-below-header-display":"","ast-hfb-mobile-header-display":"","site-post-title":"","ast-breadcrumbs-content":"","ast-featured-img":"","footer-sml-layout":"","theme-transparent-header-meta":"default","adv-header-id-meta":"","stick-header-meta":"","header-above-stick-meta":"","header-main-stick-meta":"","header-below-stick-meta":""},"product_brand":[],"product_cat":[20,38,21,41],"product_tag":[],"class_list":{"0":"post-1739","1":"product","2":"type-product","3":"status-publish","4":"has-post-thumbnail","6":"product_cat-per-femije","7":"product_cat-per-te-rinj","8":"product_cat-roman","9":"product_cat-te-fundit","10":"desktop-align-left","11":"tablet-align-left","12":"mobile-align-left","14":"first","15":"instock","16":"shipping-taxable","17":"purchasable","18":"product-type-simple"},"acf":[],"_links":{"self":[{"href":"https:\/\/muzabotime.com\/en\/wp-json\/wp\/v2\/product\/1739","targetHints":{"allow":["GET"]}}],"collection":[{"href":"https:\/\/muzabotime.com\/en\/wp-json\/wp\/v2\/product"}],"about":[{"href":"https:\/\/muzabotime.com\/en\/wp-json\/wp\/v2\/types\/product"}],"wp:featuredmedia":[{"embeddable":true,"href":"https:\/\/muzabotime.com\/en\/wp-json\/wp\/v2\/media\/1740"}],"wp:attachment":[{"href":"https:\/\/muzabotime.com\/en\/wp-json\/wp\/v2\/media?parent=1739"}],"wp:term":[{"taxonomy":"product_brand","embeddable":true,"href":"https:\/\/muzabotime.com\/en\/wp-json\/wp\/v2\/product_brand?post=1739"},{"taxonomy":"product_cat","embeddable":true,"href":"https:\/\/muzabotime.com\/en\/wp-json\/wp\/v2\/product_cat?post=1739"},{"taxonomy":"product_tag","embeddable":true,"href":"https:\/\/muzabotime.com\/en\/wp-json\/wp\/v2\/product_tag?post=1739"}],"curies":[{"name":"wp","href":"https:\/\/api.w.org\/{rel}","templated":true}]}}