{"id":1745,"date":"2023-02-22T09:59:27","date_gmt":"2023-02-22T09:59:27","guid":{"rendered":"https:\/\/muzabotime.com\/?post_type=product&#038;p=1745"},"modified":"2023-02-22T09:59:27","modified_gmt":"2023-02-22T09:59:27","slug":"grate-per-te-cilat-mendoj-gjate-nates","status":"publish","type":"product","link":"https:\/\/muzabotime.com\/en\/product\/grate-per-te-cilat-mendoj-gjate-nates\/","title":{"rendered":"Grat\u00eb p\u00ebr t\u00eb cilat mendoj gjat\u00eb nat\u00ebs"},"content":{"rendered":"<p>\u00c7far\u00eb mund t\u00eb b\u00ebj\u00eb nj\u00eb grua dyzetecavje\u00e7are pa f\u00ebmij\u00eb? E m\u00ebrzitur me jet\u00ebn e saj, e bllokuar, autorja e k\u00ebtij libri, Mia Kankimaki, braktis pun\u00ebn, shet apartamentin dhe vendos t\u00eb udh\u00ebtoj\u00eb n\u00ebp\u00ebr bot\u00eb, duke ndjekur shtigjet e femrave eksploruese dhe artiste, t\u00eb cilat e kan\u00eb frym\u00ebzuar prej koh\u00ebsh. Ajo fluturon p\u00ebr n\u00eb Tanzani e m\u00eb pas p\u00ebr n\u00eb Kenia, p\u00ebr t\u00eb par\u00eb me syt\u00eb e saj ku ka jetuar m\u00eb 1920, e famshmja Karen Bliksen, autorja e librit t\u00eb mir\u00ebnjohur \u201cJasht\u00eb Afrik\u00ebs\u201d. N\u00eb Japoni, Mia p\u00ebrpiqet t\u00eb kap\u00ebrcej\u00eb gjendjen e trishtuar teksa kryen k\u00ebrkime p\u00ebr artisten bashk\u00ebkohore me fam\u00eb bot\u00ebrore, Jajoi Kusama. N\u00eb Itali, Mia i shpenzon dit\u00ebt n\u00eb k\u00ebrkim t\u00eb pun\u00ebve artistike t\u00eb grave t\u00eb harruara t\u00eb periudh\u00ebs s\u00eb Rilindjes, dhe m\u00eb n\u00eb fund arrin t\u00eb gjej\u00eb heroinat e saj n\u00eb portretet e Sofonisba Anguisol\u00ebs, Lavinia Fontan\u00ebs dhe Artemisia Xhentileskit. N\u00ebse k\u00ebto gra qen\u00eb n\u00eb gjendje t\u00eb ishin t\u00eb suksesshme qindra vite m\u00eb par\u00eb, p\u00ebrse t\u00eb mos jet\u00eb edhe Mia?<\/p>\n<p>Mia Kankimaki \u00ebsht\u00eb autorja e dy librave bestseller t\u00eb cil\u00ebt nd\u00ebrthurin udh\u00ebtimet, kujtimet, biografit\u00eb dhe historit\u00eb e grave. Pasi p\u00ebrfitoi diplom\u00ebn p\u00ebr master n\u00eb fush\u00ebn e let\u00ebrsis\u00eb krahasuese n\u00eb Universitetin e Helsinkit dhe punoi me pasion n\u00eb fush\u00ebn e botimeve, n\u00eb vitin 2010 ajo e la pun\u00ebn dhe udh\u00ebtoi n\u00eb Japoni p\u00ebr t\u00eb shkruar librin e saj t\u00eb par\u00eb. Libri i dyt\u00eb, \u201cGrat\u00eb q\u00eb mendoj gjat\u00eb nat\u00ebs\u201d, u frym\u00ebzua nga udh\u00ebtimet e saj, n\u00eb gjurm\u00ebt e personazheve fem\u00ebrore frym\u00ebzuese, n\u00eb Tanzani, Kenia, Itali dhe Japoni. Aktualisht jeton n\u00eb Helsinki, Finland\u00eb, sa her\u00eb q\u00eb nuk \u00ebsht\u00eb duke udh\u00ebtuar p\u00ebr projektin e saj t\u00eb ardhsh\u00ebm.<\/p>\n<p><em>\u00a0<\/em><\/p>","protected":false},"excerpt":{"rendered":"<p>N\u00eb librin <em>Grat\u00eb p\u00ebr t\u00eb cilat mendoj gjat\u00eb nat\u00ebs<\/em>, Mia Kankimaki nd\u00ebrthur shkrimet e udh\u00ebtimit, me kujtimet dhe biografin\u00eb. Ajo na rr\u00ebfen udh\u00ebtimet e saj magjeps\u00ebse n\u00eb Japoni, Kenia dhe Itali, teksa p\u00ebrpiqet t\u00eb gjej\u00eb pika takimi me rrug\u00ebtimin e dhjet\u00eb femrave frym\u00ebzuese t\u00eb s\u00eb shkuar\u00ebs. Jet\u00ebt e k\u00ebtyre femrave nuk kan\u00eb ndjekur trajektoren tradicionale. Ato kan\u00eb thyer tabut\u00eb e barrierat dhe kan\u00eb arritur gj\u00ebra q\u00eb kurrsesi nuk priteshin prej tyre. Nj\u00eb pjes\u00eb e mir\u00eb e tyre jan\u00eb artiste dhe shkrimtare, femra me natyr\u00eb t\u00eb t\u00ebrhequr, q\u00eb nuk kan\u00eb pasur familje apo f\u00ebmij\u00eb dhe marr\u00ebdh\u00ebniet e tyre me meshkujt kan\u00eb qen\u00eb t\u00eb pazakonta. Ato kan\u00eb udh\u00ebtuar apo jan\u00eb shp\u00ebrngulur n\u00eb vende e kultura t\u00eb tjera dhe kan\u00eb mundur t\u00eb revolucionarizojn\u00eb jet\u00ebn e tyre edhe n\u00eb mosh\u00eb t\u00eb kaluar.<\/p>\n<p><em>Grat\u00eb p\u00ebr t\u00eb cilat mendoj gjat\u00eb nat\u00ebs<\/em> \u00ebsht\u00eb pjes\u00ebrisht nj\u00eb shkrim kushtuar udh\u00ebtimeve dhe pjes\u00ebrisht nj\u00eb eksplorim emocionues i aventurave t\u00eb grave t\u00eb s\u00eb shkuar\u00ebs, t\u00eb cilat sfiduan pritshm\u00ebrit\u00eb me q\u00ebllimin p\u00ebr t\u00eb par\u00eb &#8211; dhe p\u00ebr t\u00eb ndryshuar &#8211; bot\u00ebn.<\/p>\n<p>&nbsp;<\/p>","protected":false},"featured_media":1746,"template":"","meta":{"_acf_changed":false,"site-sidebar-layout":"default","site-content-layout":"default","ast-global-header-display":"","ast-banner-title-visibility":"","ast-main-header-display":"","ast-hfb-above-header-display":"","ast-hfb-below-header-display":"","ast-hfb-mobile-header-display":"","site-post-title":"","ast-breadcrumbs-content":"","ast-featured-img":"","footer-sml-layout":"","theme-transparent-header-meta":"default","adv-header-id-meta":"","stick-header-meta":"","header-above-stick-meta":"","header-main-stick-meta":"","header-below-stick-meta":""},"product_brand":[],"product_cat":[93,168,21,41],"product_tag":[170,169],"class_list":{"0":"post-1745","1":"product","2":"type-product","3":"status-publish","4":"has-post-thumbnail","6":"product_cat-bestseller","7":"product_cat-letersi-europiane","8":"product_cat-roman","9":"product_cat-te-fundit","10":"product_tag-kujtime","11":"product_tag-udhetime","12":"desktop-align-left","13":"tablet-align-left","14":"mobile-align-left","16":"first","17":"instock","18":"shipping-taxable","19":"purchasable","20":"product-type-simple"},"acf":[],"_links":{"self":[{"href":"https:\/\/muzabotime.com\/en\/wp-json\/wp\/v2\/product\/1745","targetHints":{"allow":["GET"]}}],"collection":[{"href":"https:\/\/muzabotime.com\/en\/wp-json\/wp\/v2\/product"}],"about":[{"href":"https:\/\/muzabotime.com\/en\/wp-json\/wp\/v2\/types\/product"}],"wp:featuredmedia":[{"embeddable":true,"href":"https:\/\/muzabotime.com\/en\/wp-json\/wp\/v2\/media\/1746"}],"wp:attachment":[{"href":"https:\/\/muzabotime.com\/en\/wp-json\/wp\/v2\/media?parent=1745"}],"wp:term":[{"taxonomy":"product_brand","embeddable":true,"href":"https:\/\/muzabotime.com\/en\/wp-json\/wp\/v2\/product_brand?post=1745"},{"taxonomy":"product_cat","embeddable":true,"href":"https:\/\/muzabotime.com\/en\/wp-json\/wp\/v2\/product_cat?post=1745"},{"taxonomy":"product_tag","embeddable":true,"href":"https:\/\/muzabotime.com\/en\/wp-json\/wp\/v2\/product_tag?post=1745"}],"curies":[{"name":"wp","href":"https:\/\/api.w.org\/{rel}","templated":true}]}}