{"id":1748,"date":"2023-02-22T10:38:44","date_gmt":"2023-02-22T10:38:44","guid":{"rendered":"https:\/\/muzabotime.com\/?post_type=product&#038;p=1748"},"modified":"2023-02-22T10:39:10","modified_gmt":"2023-02-22T10:39:10","slug":"nuk-perfundon-keshtu","status":"publish","type":"product","link":"https:\/\/muzabotime.com\/en\/product\/nuk-perfundon-keshtu\/","title":{"rendered":"Nuk p\u00ebrfundon k\u00ebshtu"},"content":{"rendered":"<p>\u201cA mund ta ndryshoj\u00eb nj\u00eb takim i rast\u00ebsish\u00ebm jet\u00ebn tuaj? P\u00ebr Sharlot\u00eb Maj\u00ebrsin, e papritura do t\u00eb sfidoj\u00eb pik\u00ebpamjet e saj p\u00ebr dashurin\u00eb dhe familjen dhe do t\u00eb v\u00ebr\u00eb n\u00eb dyshim aft\u00ebsin\u00eb e saj p\u00ebr t\u00eb falur m\u00ebkatet e s\u00eb kaluar\u00ebs. Elegant dhe bashk\u00ebkohor, \u201cNuk p\u00ebrfundon k\u00ebshtu\u201d thur nj\u00eb kompleksitet prek\u00ebs t\u00eb tri jet\u00ebve t\u00eb lidhura s\u00eb bashku nga p\u00ebrkushtimi dhe pasioni i fsheht\u00eb dhe do t\u2019i l\u00ebr\u00eb lexuesit t\u00eb hamend\u00ebsojn\u00eb deri n\u00eb p\u00ebrfundimin e k\u00ebnaqsh\u00ebm.\u201d &#8211; Christine Nolfi, autore<\/p>","protected":false},"excerpt":{"rendered":"<p>E COP\u00cbTUAR&#8230; E SHPARTALLUAR&#8230; E DROBITUR NGA HUMBJA, E SH\u00cbRUAR NGA DASHURIA<br \/>\n\u201cPrek\u00ebse dhe ndjell\u00ebse, Weinstein-i ka krijuar nj\u00eb histori q\u00eb t\u00eb t\u00ebrheq dhe nuk t\u00eb l\u00eb t\u00eb largohesh pa e lexuar. Mbani nj\u00eb shami af\u00ebr, sidomos p\u00ebr p\u00ebrfundimin zem\u00ebrthyes, por edhe t\u00eb k\u00ebndsh\u00ebm. Nj\u00eb lexim mahnit\u00ebs dhe emocionues.\u201d &#8211; Karma Brown, autore<\/p>\n<p>\u201cKjo histori prek\u00ebse p\u00ebr dashurin\u00eb dhe zgjedhjet q\u00eb b\u00ebjm\u00eb, do t\u2019ju b\u00ebj\u00eb t\u00eb qeshni dhe t\u00eb qani. Nj\u00eb lexim t\u00ebr\u00ebsisht t\u00ebrheq\u00ebs.\u201d &#8211; Tracey Garvis Graves, autore<\/p>","protected":false},"featured_media":1749,"template":"","meta":{"_acf_changed":false,"site-sidebar-layout":"default","site-content-layout":"default","ast-global-header-display":"","ast-banner-title-visibility":"","ast-main-header-display":"","ast-hfb-above-header-display":"","ast-hfb-below-header-display":"","ast-hfb-mobile-header-display":"","site-post-title":"","ast-breadcrumbs-content":"","ast-featured-img":"","footer-sml-layout":"","theme-transparent-header-meta":"default","adv-header-id-meta":"","stick-header-meta":"","header-above-stick-meta":"","header-main-stick-meta":"","header-below-stick-meta":""},"product_brand":[],"product_cat":[93,115,40,21,41],"product_tag":[],"class_list":{"0":"post-1748","1":"product","2":"type-product","3":"status-publish","4":"has-post-thumbnail","6":"product_cat-bestseller","7":"product_cat-letersi-amerikane","8":"product_cat-me-te-shitur","9":"product_cat-roman","10":"product_cat-te-fundit","11":"desktop-align-left","12":"tablet-align-left","13":"mobile-align-left","15":"first","16":"instock","17":"shipping-taxable","18":"purchasable","19":"product-type-simple"},"acf":[],"_links":{"self":[{"href":"https:\/\/muzabotime.com\/en\/wp-json\/wp\/v2\/product\/1748","targetHints":{"allow":["GET"]}}],"collection":[{"href":"https:\/\/muzabotime.com\/en\/wp-json\/wp\/v2\/product"}],"about":[{"href":"https:\/\/muzabotime.com\/en\/wp-json\/wp\/v2\/types\/product"}],"wp:featuredmedia":[{"embeddable":true,"href":"https:\/\/muzabotime.com\/en\/wp-json\/wp\/v2\/media\/1749"}],"wp:attachment":[{"href":"https:\/\/muzabotime.com\/en\/wp-json\/wp\/v2\/media?parent=1748"}],"wp:term":[{"taxonomy":"product_brand","embeddable":true,"href":"https:\/\/muzabotime.com\/en\/wp-json\/wp\/v2\/product_brand?post=1748"},{"taxonomy":"product_cat","embeddable":true,"href":"https:\/\/muzabotime.com\/en\/wp-json\/wp\/v2\/product_cat?post=1748"},{"taxonomy":"product_tag","embeddable":true,"href":"https:\/\/muzabotime.com\/en\/wp-json\/wp\/v2\/product_tag?post=1748"}],"curies":[{"name":"wp","href":"https:\/\/api.w.org\/{rel}","templated":true}]}}