{"id":1758,"date":"2023-02-22T11:51:39","date_gmt":"2023-02-22T11:51:39","guid":{"rendered":"https:\/\/muzabotime.com\/?post_type=product&#038;p=1758"},"modified":"2023-02-22T11:51:39","modified_gmt":"2023-02-22T11:51:39","slug":"rrefenjat-e-gjyshit","status":"publish","type":"product","link":"https:\/\/muzabotime.com\/en\/product\/rrefenjat-e-gjyshit\/","title":{"rendered":"Rr\u00ebfenjat e gjyshit"},"content":{"rendered":"","protected":false},"excerpt":{"rendered":"<p>&#8220;Rr\u00ebfenjat e gjyshit&#8221; \u00ebsht\u00eb p\u00ebrmbledhja me p\u00ebrralla, shkruar nga autorja Voula Stampelou.<\/p>\n<p>Personazhe zbavit\u00ebse, skica p\u00ebr t\u00eb ngjyrosur sipas imagjinat\u00ebs, pyetje dhe p\u00ebrgjigje q\u00eb ndihmojn\u00eb f\u00ebmij\u00ebt t\u00eb shprehin emocionet e tyre, t\u00eb b\u00ebhen sa m\u00eb krijues, t\u00eb njohin natyr\u00ebn dhe bot\u00ebn p\u00ebrreth.<\/p>\n<p>P\u00ebrshtatur p\u00ebr vog\u00eblush\u00ebt mbi 4 vje\u00e7.<\/p>\n<p>&nbsp;<\/p>","protected":false},"featured_media":1759,"template":"","meta":{"_acf_changed":false,"site-sidebar-layout":"default","site-content-layout":"default","ast-global-header-display":"","ast-banner-title-visibility":"","ast-main-header-display":"","ast-hfb-above-header-display":"","ast-hfb-below-header-display":"","ast-hfb-mobile-header-display":"","site-post-title":"","ast-breadcrumbs-content":"","ast-featured-img":"","footer-sml-layout":"","theme-transparent-header-meta":"default","adv-header-id-meta":"","stick-header-meta":"","header-above-stick-meta":"","header-main-stick-meta":"","header-below-stick-meta":""},"product_brand":[],"product_cat":[20,168,193],"product_tag":[],"class_list":{"0":"post-1758","1":"product","2":"type-product","3":"status-publish","4":"has-post-thumbnail","6":"product_cat-per-femije","7":"product_cat-letersi-europiane","8":"product_cat-perralle","9":"desktop-align-left","10":"tablet-align-left","11":"mobile-align-left","13":"first","14":"instock","15":"shipping-taxable","16":"purchasable","17":"product-type-simple"},"acf":[],"_links":{"self":[{"href":"https:\/\/muzabotime.com\/en\/wp-json\/wp\/v2\/product\/1758","targetHints":{"allow":["GET"]}}],"collection":[{"href":"https:\/\/muzabotime.com\/en\/wp-json\/wp\/v2\/product"}],"about":[{"href":"https:\/\/muzabotime.com\/en\/wp-json\/wp\/v2\/types\/product"}],"wp:featuredmedia":[{"embeddable":true,"href":"https:\/\/muzabotime.com\/en\/wp-json\/wp\/v2\/media\/1759"}],"wp:attachment":[{"href":"https:\/\/muzabotime.com\/en\/wp-json\/wp\/v2\/media?parent=1758"}],"wp:term":[{"taxonomy":"product_brand","embeddable":true,"href":"https:\/\/muzabotime.com\/en\/wp-json\/wp\/v2\/product_brand?post=1758"},{"taxonomy":"product_cat","embeddable":true,"href":"https:\/\/muzabotime.com\/en\/wp-json\/wp\/v2\/product_cat?post=1758"},{"taxonomy":"product_tag","embeddable":true,"href":"https:\/\/muzabotime.com\/en\/wp-json\/wp\/v2\/product_tag?post=1758"}],"curies":[{"name":"wp","href":"https:\/\/api.w.org\/{rel}","templated":true}]}}