{"id":1762,"date":"2023-02-22T13:16:55","date_gmt":"2023-02-22T13:16:55","guid":{"rendered":"https:\/\/muzabotime.com\/?post_type=product&#038;p=1762"},"modified":"2023-02-22T13:16:55","modified_gmt":"2023-02-22T13:16:55","slug":"dhe-tani-te-gjithe-ne-brazil","status":"publish","type":"product","link":"https:\/\/muzabotime.com\/en\/product\/dhe-tani-te-gjithe-ne-brazil\/","title":{"rendered":"Dhe tani\u2026 t\u00eb gjith\u00eb n\u00eb Brazil!"},"content":{"rendered":"","protected":false},"excerpt":{"rendered":"<p>Aventurat, sfidat dhe \u00ebndrrat e tet\u00eb adoleshent\u00ebve me nj\u00eb pasion t\u00eb madh: futbollin.<\/p>\n<p>Dhe tani\u2026 t\u00eb gjith\u00eb n\u00eb Brazil!<\/p>\n<p>Shkolla ka mbaruar dhe p\u00ebr Kokaret do t\u00eb jet\u00eb nj\u00eb ver\u00eb v\u00ebrtet e ve\u00e7ant\u00eb: s\u00eb shpejti do t\u00eb nisen p\u00ebr nj\u00eb pushim p\u00ebrrallor n\u00eb Brazil, parajs\u00ebn e futbollit! Zhoaoja po i pret tashm\u00eb n\u00eb Rio de Zhaneiro dhe Tomin e shok\u00ebt e tij nuk po i mban vendi sa t\u00eb vizitojn\u00eb mitikun Marakana dhe t\u00eb st\u00ebrviten n\u00eb plazh bashk\u00eb me kampion\u00ebt e \u00ebndrrave t\u00eb tyre\u2026<\/p>\n<p>Ilustrimet: Stefano Turconi<\/p>\n<p>Duke filluar nga mosha tet\u00ebvje\u00e7are<\/p>","protected":false},"featured_media":1763,"template":"","meta":{"_acf_changed":false,"site-sidebar-layout":"default","site-content-layout":"default","ast-global-header-display":"","ast-banner-title-visibility":"","ast-main-header-display":"","ast-hfb-above-header-display":"","ast-hfb-below-header-display":"","ast-hfb-mobile-header-display":"","site-post-title":"","ast-breadcrumbs-content":"","ast-featured-img":"","footer-sml-layout":"","theme-transparent-header-meta":"default","adv-header-id-meta":"","stick-header-meta":"","header-above-stick-meta":"","header-main-stick-meta":"","header-below-stick-meta":""},"product_brand":[],"product_cat":[20,168],"product_tag":[],"class_list":{"0":"post-1762","1":"product","2":"type-product","3":"status-publish","4":"has-post-thumbnail","6":"product_cat-per-femije","7":"product_cat-letersi-europiane","8":"desktop-align-left","9":"tablet-align-left","10":"mobile-align-left","12":"first","13":"instock","14":"shipping-taxable","15":"purchasable","16":"product-type-simple"},"acf":[],"_links":{"self":[{"href":"https:\/\/muzabotime.com\/en\/wp-json\/wp\/v2\/product\/1762","targetHints":{"allow":["GET"]}}],"collection":[{"href":"https:\/\/muzabotime.com\/en\/wp-json\/wp\/v2\/product"}],"about":[{"href":"https:\/\/muzabotime.com\/en\/wp-json\/wp\/v2\/types\/product"}],"wp:featuredmedia":[{"embeddable":true,"href":"https:\/\/muzabotime.com\/en\/wp-json\/wp\/v2\/media\/1763"}],"wp:attachment":[{"href":"https:\/\/muzabotime.com\/en\/wp-json\/wp\/v2\/media?parent=1762"}],"wp:term":[{"taxonomy":"product_brand","embeddable":true,"href":"https:\/\/muzabotime.com\/en\/wp-json\/wp\/v2\/product_brand?post=1762"},{"taxonomy":"product_cat","embeddable":true,"href":"https:\/\/muzabotime.com\/en\/wp-json\/wp\/v2\/product_cat?post=1762"},{"taxonomy":"product_tag","embeddable":true,"href":"https:\/\/muzabotime.com\/en\/wp-json\/wp\/v2\/product_tag?post=1762"}],"curies":[{"name":"wp","href":"https:\/\/api.w.org\/{rel}","templated":true}]}}