{"id":1766,"date":"2023-02-22T13:40:30","date_gmt":"2023-02-22T13:40:30","guid":{"rendered":"https:\/\/muzabotime.com\/?post_type=product&#038;p=1766"},"modified":"2023-02-22T14:23:02","modified_gmt":"2023-02-22T14:23:02","slug":"duke-enderruar-finalen-e-madhe","status":"publish","type":"product","link":"https:\/\/muzabotime.com\/en\/product\/duke-enderruar-finalen-e-madhe\/","title":{"rendered":"Duke \u00ebnd\u00ebrruar finalen e madhe"},"content":{"rendered":"","protected":false},"excerpt":{"rendered":"<p>Aventurat, sfidat dhe \u00ebndrrat e tet\u00eb adoleshent\u00ebve me nj\u00eb pasion t\u00eb madh: futbollin!<\/p>\n<p>Ka rifilluar kampionati i futbollit dhe Kokaret, n\u00eb vendin e dyt\u00eb n\u00eb klasifikim, jan\u00eb gati t\u00eb luajn\u00eb gjith\u00e7ka p\u00ebr gjith\u00e7ka. Por m\u00eb par\u00eb Tomi dhe shok\u00ebt e tij t\u00eb skuadr\u00ebs do t\u00eb duhet t\u00eb bindin Gjilp\u00ebr\u00ebn me kok\u00eb ta l\u00ebr\u00eb xhudon dhe t\u00eb kthehet n\u00eb port\u00eb\u2026 Sepse, si\u00e7 thot\u00eb gjithnj\u00eb trajneri i tyre Shampinjon, e r\u00ebnd\u00ebsishme \u00ebsht\u00eb t\u00eb q\u00ebndrojn\u00eb t\u00eb bashkuar.<\/p>\n<p>Ilustrimet: Stefano Turconi<\/p>\n<p>Duke filluar nga mosha tet\u00ebvje\u00e7are<\/p>","protected":false},"featured_media":1767,"template":"","meta":{"_acf_changed":false,"site-sidebar-layout":"default","site-content-layout":"default","ast-global-header-display":"","ast-banner-title-visibility":"","ast-main-header-display":"","ast-hfb-above-header-display":"","ast-hfb-below-header-display":"","ast-hfb-mobile-header-display":"","site-post-title":"","ast-breadcrumbs-content":"","ast-featured-img":"","footer-sml-layout":"","theme-transparent-header-meta":"default","adv-header-id-meta":"","stick-header-meta":"","header-above-stick-meta":"","header-main-stick-meta":"","header-below-stick-meta":""},"product_brand":[],"product_cat":[20,168],"product_tag":[],"class_list":{"0":"post-1766","1":"product","2":"type-product","3":"status-publish","4":"has-post-thumbnail","6":"product_cat-per-femije","7":"product_cat-letersi-europiane","8":"desktop-align-left","9":"tablet-align-left","10":"mobile-align-left","12":"first","13":"instock","14":"shipping-taxable","15":"purchasable","16":"product-type-simple"},"acf":[],"_links":{"self":[{"href":"https:\/\/muzabotime.com\/en\/wp-json\/wp\/v2\/product\/1766","targetHints":{"allow":["GET"]}}],"collection":[{"href":"https:\/\/muzabotime.com\/en\/wp-json\/wp\/v2\/product"}],"about":[{"href":"https:\/\/muzabotime.com\/en\/wp-json\/wp\/v2\/types\/product"}],"wp:featuredmedia":[{"embeddable":true,"href":"https:\/\/muzabotime.com\/en\/wp-json\/wp\/v2\/media\/1767"}],"wp:attachment":[{"href":"https:\/\/muzabotime.com\/en\/wp-json\/wp\/v2\/media?parent=1766"}],"wp:term":[{"taxonomy":"product_brand","embeddable":true,"href":"https:\/\/muzabotime.com\/en\/wp-json\/wp\/v2\/product_brand?post=1766"},{"taxonomy":"product_cat","embeddable":true,"href":"https:\/\/muzabotime.com\/en\/wp-json\/wp\/v2\/product_cat?post=1766"},{"taxonomy":"product_tag","embeddable":true,"href":"https:\/\/muzabotime.com\/en\/wp-json\/wp\/v2\/product_tag?post=1766"}],"curies":[{"name":"wp","href":"https:\/\/api.w.org\/{rel}","templated":true}]}}