{"id":1770,"date":"2023-02-22T14:40:50","date_gmt":"2023-02-22T14:40:50","guid":{"rendered":"https:\/\/muzabotime.com\/?post_type=product&#038;p=1770"},"modified":"2023-02-23T11:54:59","modified_gmt":"2023-02-23T11:54:59","slug":"ylli-i-kalter","status":"publish","type":"product","link":"https:\/\/muzabotime.com\/en\/product\/ylli-i-kalter\/","title":{"rendered":"Ylli i kalt\u00ebr"},"content":{"rendered":"","protected":false},"excerpt":{"rendered":"<p>Njeriu nuk ka nevoj\u00eb vet\u00ebm t\u00eb studioj\u00eb, por edhe t\u00eb mendoj\u00eb, t\u00eb \u00ebnd\u00ebrroj\u00eb, t\u00eb luaj\u00eb dhe t\u00eb ushqej\u00eb dashuri p\u00ebr t\u00eb tjer\u00ebt. Nga tani e tutje, do t\u2019i kthejm\u00eb k\u00ebto qytete t\u00eb zymta, n\u00eb bot\u00eb t\u00eb lumtura! Shpresoj t\u00eb m\u00eb ndihmoni q\u00eb ta realizoj k\u00ebt\u00eb gj\u00eb!<\/p>\n<p>N\u00eb nj\u00eb t\u00eb ardhme t\u00eb larg\u00ebt, njer\u00ebzit kan\u00eb hequr dor\u00eb nga imagjinata, nga loj\u00ebrat, nga dashuria p\u00ebr t\u00eb tjer\u00ebt. Bota \u00ebsht\u00eb b\u00ebr\u00eb e zymt\u00eb. Q\u00eb t\u00eb gjith\u00eb flen\u00eb. N\u00eb gjum\u00eb iu binden urdhrave t\u00eb Shefit t\u00eb Madh. Askush nuk mund t\u2019u shmanget kurr\u00eb urdhrave t\u00eb tij, askush, me p\u00ebrjashtim t\u00eb U3. Ai \u00ebsht\u00eb thjesht nj\u00eb f\u00ebmij\u00eb, por ndryshon nga t\u00eb tjer\u00ebt.<\/p>\n<p>Ja pse dit\u00ebn e misionit t\u00eb tij t\u00eb par\u00eb n\u00eb hap\u00ebsir\u00eb, U3 ndjek drit\u00ebn e nj\u00eb planeti q\u00eb i duket si nj\u00eb Yll i Kalt\u00ebr. K\u00ebtu njihet me Laur\u00ebn, nj\u00eb vog\u00eblushe q\u00eb jeton n\u00eb nj\u00eb bibliotek\u00eb t\u00eb nd\u00ebrtuar me kulla shum\u00eb t\u00eb larta, shum\u00ebngjyr\u00ebshe, plot histori, magjike.<\/p>\n<p>M\u00eb pas U3 zgjohet nga gjumi.<\/p>\n<p>T\u00eb rriturit i thon\u00eb q\u00eb nuk ekziston asgj\u00eb nga ato q\u00eb ka par\u00eb n\u00eb \u00ebnd\u00ebrr. Nuk ekziston Ylli i Kalt\u00ebr, nuk ekziston Laura, nuk ekziston as biblioteka me librat fluturues. Por U3 \u00ebsht\u00eb ndryshe nga t\u00eb tjer\u00ebt. Atij nuk i mjafton q\u00eb t\u00eb bindet. Dhe tani q\u00eb iu hap\u00ebn syt\u00eb, \u00ebsht\u00eb gati p\u00ebr nj\u00eb aventur\u00eb t\u00eb re.<\/p>\n<p>Nga dora e Mario Lodit, nj\u00eb prej shkrimtar\u00ebve themelues t\u00eb let\u00ebrsis\u00eb italiane p\u00ebr f\u00ebmij\u00eb, iu sjellim k\u00ebt\u00eb roman poetik, nj\u00eb alegori rreth bot\u00ebs e t\u00eb qenit symbyllur. Nj\u00eb lib\u00ebr klasik, i vlefsh\u00ebm n\u00eb \u00e7do koh\u00eb.<\/p>","protected":false},"featured_media":1771,"template":"","meta":{"_acf_changed":false,"site-sidebar-layout":"default","site-content-layout":"default","ast-global-header-display":"","ast-banner-title-visibility":"","ast-main-header-display":"","ast-hfb-above-header-display":"","ast-hfb-below-header-display":"","ast-hfb-mobile-header-display":"","site-post-title":"","ast-breadcrumbs-content":"","ast-featured-img":"","footer-sml-layout":"","theme-transparent-header-meta":"default","adv-header-id-meta":"","stick-header-meta":"","header-above-stick-meta":"","header-main-stick-meta":"","header-below-stick-meta":""},"product_brand":[],"product_cat":[20,168],"product_tag":[227],"class_list":{"0":"post-1770","1":"product","2":"type-product","3":"status-publish","4":"has-post-thumbnail","6":"product_cat-per-femije","7":"product_cat-letersi-europiane","8":"product_tag-mario-ladi","9":"desktop-align-left","10":"tablet-align-left","11":"mobile-align-left","13":"first","14":"instock","15":"shipping-taxable","16":"purchasable","17":"product-type-simple"},"acf":[],"_links":{"self":[{"href":"https:\/\/muzabotime.com\/en\/wp-json\/wp\/v2\/product\/1770","targetHints":{"allow":["GET"]}}],"collection":[{"href":"https:\/\/muzabotime.com\/en\/wp-json\/wp\/v2\/product"}],"about":[{"href":"https:\/\/muzabotime.com\/en\/wp-json\/wp\/v2\/types\/product"}],"wp:featuredmedia":[{"embeddable":true,"href":"https:\/\/muzabotime.com\/en\/wp-json\/wp\/v2\/media\/1771"}],"wp:attachment":[{"href":"https:\/\/muzabotime.com\/en\/wp-json\/wp\/v2\/media?parent=1770"}],"wp:term":[{"taxonomy":"product_brand","embeddable":true,"href":"https:\/\/muzabotime.com\/en\/wp-json\/wp\/v2\/product_brand?post=1770"},{"taxonomy":"product_cat","embeddable":true,"href":"https:\/\/muzabotime.com\/en\/wp-json\/wp\/v2\/product_cat?post=1770"},{"taxonomy":"product_tag","embeddable":true,"href":"https:\/\/muzabotime.com\/en\/wp-json\/wp\/v2\/product_tag?post=1770"}],"curies":[{"name":"wp","href":"https:\/\/api.w.org\/{rel}","templated":true}]}}