{"id":1883,"date":"2023-02-27T14:14:30","date_gmt":"2023-02-27T14:14:30","guid":{"rendered":"https:\/\/muzabotime.com\/?post_type=product&#038;p=1883"},"modified":"2023-02-27T14:14:30","modified_gmt":"2023-02-27T14:14:30","slug":"fol-shqip-me-tonin","status":"publish","type":"product","link":"https:\/\/muzabotime.com\/en\/product\/fol-shqip-me-tonin\/","title":{"rendered":"Fol shqip me Tonin"},"content":{"rendered":"","protected":false},"excerpt":{"rendered":"<p>N\u00eb koh\u00ebn e qytetit digjital, ne duhet t\u00eb zgjedhim librin.<\/p>\n<p>T\u00eb zgjedhim t\u00eb lexojm\u00eb shqip p\u00ebr f\u00ebmij\u00ebt tan\u00eb, q\u00eb kur t\u2019i pyesim, t\u00eb mos na i kthejn\u00eb p\u00ebrgjigjet n\u00eb gjuh\u00eb t\u00eb huaj.<\/p>","protected":false},"featured_media":1884,"template":"","meta":{"_acf_changed":false,"site-sidebar-layout":"default","site-content-layout":"default","ast-global-header-display":"","ast-banner-title-visibility":"","ast-main-header-display":"","ast-hfb-above-header-display":"","ast-hfb-below-header-display":"","ast-hfb-mobile-header-display":"","site-post-title":"","ast-breadcrumbs-content":"","ast-featured-img":"","footer-sml-layout":"","theme-transparent-header-meta":"default","adv-header-id-meta":"","stick-header-meta":"","header-above-stick-meta":"","header-main-stick-meta":"","header-below-stick-meta":""},"product_brand":[],"product_cat":[20,196,41],"product_tag":[],"class_list":{"0":"post-1883","1":"product","2":"type-product","3":"status-publish","4":"has-post-thumbnail","6":"product_cat-per-femije","7":"product_cat-letersi-shqiptare","8":"product_cat-te-fundit","9":"desktop-align-left","10":"tablet-align-left","11":"mobile-align-left","13":"first","14":"instock","15":"shipping-taxable","16":"purchasable","17":"product-type-simple"},"acf":[],"_links":{"self":[{"href":"https:\/\/muzabotime.com\/en\/wp-json\/wp\/v2\/product\/1883","targetHints":{"allow":["GET"]}}],"collection":[{"href":"https:\/\/muzabotime.com\/en\/wp-json\/wp\/v2\/product"}],"about":[{"href":"https:\/\/muzabotime.com\/en\/wp-json\/wp\/v2\/types\/product"}],"wp:featuredmedia":[{"embeddable":true,"href":"https:\/\/muzabotime.com\/en\/wp-json\/wp\/v2\/media\/1884"}],"wp:attachment":[{"href":"https:\/\/muzabotime.com\/en\/wp-json\/wp\/v2\/media?parent=1883"}],"wp:term":[{"taxonomy":"product_brand","embeddable":true,"href":"https:\/\/muzabotime.com\/en\/wp-json\/wp\/v2\/product_brand?post=1883"},{"taxonomy":"product_cat","embeddable":true,"href":"https:\/\/muzabotime.com\/en\/wp-json\/wp\/v2\/product_cat?post=1883"},{"taxonomy":"product_tag","embeddable":true,"href":"https:\/\/muzabotime.com\/en\/wp-json\/wp\/v2\/product_tag?post=1883"}],"curies":[{"name":"wp","href":"https:\/\/api.w.org\/{rel}","templated":true}]}}