{"id":1888,"date":"2023-03-14T13:16:19","date_gmt":"2023-03-14T13:16:19","guid":{"rendered":"https:\/\/muzabotime.com\/?post_type=product&#038;p=1888"},"modified":"2023-03-14T13:16:19","modified_gmt":"2023-03-14T13:16:19","slug":"fjalor-krahasues-pellazgjisht-shqip","status":"publish","type":"product","link":"https:\/\/muzabotime.com\/en\/product\/fjalor-krahasues-pellazgjisht-shqip\/","title":{"rendered":"Fjalor krahasues pellazgjisht-shqip"},"content":{"rendered":"","protected":false},"excerpt":{"rendered":"<p><em>Gjuha shqipe \u00ebsht\u00eb vazhdim\u00ebsi gjuh\u00ebsore e gjuh\u00ebs pellazge, e cila n\u00eb koh\u00eb t\u00eb lashta ka qen\u00eb gjuha e p\u00ebrbashk\u00ebt e t\u00eb gjith\u00eb banor\u00ebve q\u00eb kan\u00eb jetuar n\u00eb k\u00ebto troje.<\/em><\/p>\n<p>\u201cFjalori krahasues pellazgjisht-shqip\u201d p\u00ebrmban vet\u00ebm ato fjal\u00eb t\u00eb shqipes s\u00eb lasht\u00eb (pellazgjishtes), q\u00eb ne kemi arritur t\u00eb identifikojm\u00eb gjat\u00eb deshifrimit t\u00eb disa mbishkrimeve, t\u00eb cilat i krahasojm\u00eb me trajtat q\u00eb kan\u00eb marr\u00eb k\u00ebto fjal\u00eb n\u00eb shqipen e sotme. Ky num\u00ebr fjal\u00ebsh sigurisht do t\u00eb plot\u00ebsohet m\u00eb tej me deshifrime t\u00eb tjera n\u00eb t\u00eb ardhmen, por edhe kjo sasi fjal\u00ebsh \u00ebsht\u00eb plot\u00ebsisht e mjaftueshme p\u00ebr t\u00eb konfirmuar vazhdim\u00ebsin\u00eb gjuh\u00ebsore pellazgo-shqipe.<\/p>","protected":false},"featured_media":1889,"template":"","meta":{"_acf_changed":false,"site-sidebar-layout":"default","site-content-layout":"default","ast-global-header-display":"","ast-banner-title-visibility":"","ast-main-header-display":"","ast-hfb-above-header-display":"","ast-hfb-below-header-display":"","ast-hfb-mobile-header-display":"","site-post-title":"","ast-breadcrumbs-content":"","ast-featured-img":"","footer-sml-layout":"","theme-transparent-header-meta":"default","adv-header-id-meta":"","stick-header-meta":"","header-above-stick-meta":"","header-main-stick-meta":"","header-below-stick-meta":""},"product_brand":[],"product_cat":[41],"product_tag":[],"class_list":{"0":"post-1888","1":"product","2":"type-product","3":"status-publish","4":"has-post-thumbnail","6":"product_cat-te-fundit","7":"desktop-align-left","8":"tablet-align-left","9":"mobile-align-left","11":"first","12":"instock","13":"shipping-taxable","14":"purchasable","15":"product-type-simple"},"acf":[],"_links":{"self":[{"href":"https:\/\/muzabotime.com\/en\/wp-json\/wp\/v2\/product\/1888","targetHints":{"allow":["GET"]}}],"collection":[{"href":"https:\/\/muzabotime.com\/en\/wp-json\/wp\/v2\/product"}],"about":[{"href":"https:\/\/muzabotime.com\/en\/wp-json\/wp\/v2\/types\/product"}],"wp:featuredmedia":[{"embeddable":true,"href":"https:\/\/muzabotime.com\/en\/wp-json\/wp\/v2\/media\/1889"}],"wp:attachment":[{"href":"https:\/\/muzabotime.com\/en\/wp-json\/wp\/v2\/media?parent=1888"}],"wp:term":[{"taxonomy":"product_brand","embeddable":true,"href":"https:\/\/muzabotime.com\/en\/wp-json\/wp\/v2\/product_brand?post=1888"},{"taxonomy":"product_cat","embeddable":true,"href":"https:\/\/muzabotime.com\/en\/wp-json\/wp\/v2\/product_cat?post=1888"},{"taxonomy":"product_tag","embeddable":true,"href":"https:\/\/muzabotime.com\/en\/wp-json\/wp\/v2\/product_tag?post=1888"}],"curies":[{"name":"wp","href":"https:\/\/api.w.org\/{rel}","templated":true}]}}