{"id":1934,"date":"2025-03-21T09:48:20","date_gmt":"2025-03-21T09:48:20","guid":{"rendered":"https:\/\/muzabotime.com\/?post_type=product&#038;p=1934"},"modified":"2025-03-21T09:53:43","modified_gmt":"2025-03-21T09:53:43","slug":"nje-leter-ne-kohen-e-gabuar","status":"publish","type":"product","link":"https:\/\/muzabotime.com\/en\/product\/nje-leter-ne-kohen-e-gabuar\/","title":{"rendered":"Nj\u00eb let\u00ebr n\u00eb koh\u00ebn e gabuar"},"content":{"rendered":"<p>\u201cNj\u00eb let\u00ebr n\u00eb koh\u00ebn e gabuar\u201d \u2013 rr\u00ebfimi q\u00eb lidh dy etapa t\u00eb r\u00ebnd\u00ebsishme t\u00eb historis\u00eb son\u00eb: Luft\u00ebn e Dyt\u00eb Bot\u00ebrore dhe periudh\u00ebn e regjimit komunist.<\/p>","protected":false},"excerpt":{"rendered":"<p>Na ishte nj\u00ebher\u00eb e nj\u00eb koh\u00eb, n\u00eb vitin X, nj\u00eb miq\u00ebsi e sinqert\u00eb mes dy njer\u00ebzve t\u00eb huaj por n\u00eb nj\u00eb koh\u00eb t\u00eb err\u00ebt. Na ishte edhe nj\u00eb vash\u00ebz, e cila na u dashurua me nj\u00eb gjerman. Na ishte nj\u00ebher\u00eb edhe nj\u00eb let\u00ebr, nj\u00eb let\u00ebr e ardhur prej s\u00eb largu, nga nj\u00eb vend i huaj, n\u00eb nj\u00eb koh\u00eb t\u00eb gabuar, q\u00eb trazoi shpirtrat e njer\u00ebzve t\u00eb k\u00ebsaj historie p\u00ebr koh\u00ebn kur jetuan e q\u00eb do t\u00eb tregohet m\u00eb pas si historia q\u00eb lidhi miq\u00ebsin\u00eb e dy njer\u00ebzve t\u00eb mir\u00eb dhe dashurin\u00eb e v\u00ebrtet\u00eb me nj\u00eb fund t\u00eb lumtur.<\/p>","protected":false},"featured_media":1935,"template":"","meta":{"_acf_changed":false,"site-sidebar-layout":"default","site-content-layout":"default","ast-global-header-display":"","ast-banner-title-visibility":"","ast-main-header-display":"","ast-hfb-above-header-display":"","ast-hfb-below-header-display":"","ast-hfb-mobile-header-display":"","site-post-title":"","ast-breadcrumbs-content":"","ast-featured-img":"","footer-sml-layout":"","theme-transparent-header-meta":"default","adv-header-id-meta":"","stick-header-meta":"","header-above-stick-meta":"","header-main-stick-meta":"","header-below-stick-meta":""},"product_brand":[],"product_cat":[196,21,41],"product_tag":[],"class_list":{"0":"post-1934","1":"product","2":"type-product","3":"status-publish","4":"has-post-thumbnail","6":"product_cat-letersi-shqiptare","7":"product_cat-roman","8":"product_cat-te-fundit","9":"desktop-align-left","10":"tablet-align-left","11":"mobile-align-left","13":"first","14":"instock","15":"shipping-taxable","16":"purchasable","17":"product-type-simple"},"acf":[],"_links":{"self":[{"href":"https:\/\/muzabotime.com\/en\/wp-json\/wp\/v2\/product\/1934","targetHints":{"allow":["GET"]}}],"collection":[{"href":"https:\/\/muzabotime.com\/en\/wp-json\/wp\/v2\/product"}],"about":[{"href":"https:\/\/muzabotime.com\/en\/wp-json\/wp\/v2\/types\/product"}],"wp:featuredmedia":[{"embeddable":true,"href":"https:\/\/muzabotime.com\/en\/wp-json\/wp\/v2\/media\/1935"}],"wp:attachment":[{"href":"https:\/\/muzabotime.com\/en\/wp-json\/wp\/v2\/media?parent=1934"}],"wp:term":[{"taxonomy":"product_brand","embeddable":true,"href":"https:\/\/muzabotime.com\/en\/wp-json\/wp\/v2\/product_brand?post=1934"},{"taxonomy":"product_cat","embeddable":true,"href":"https:\/\/muzabotime.com\/en\/wp-json\/wp\/v2\/product_cat?post=1934"},{"taxonomy":"product_tag","embeddable":true,"href":"https:\/\/muzabotime.com\/en\/wp-json\/wp\/v2\/product_tag?post=1934"}],"curies":[{"name":"wp","href":"https:\/\/api.w.org\/{rel}","templated":true}]}}