{"id":2324,"date":"2025-04-28T08:42:09","date_gmt":"2025-04-28T08:42:09","guid":{"rendered":"https:\/\/muzabotime.com\/?post_type=product&#038;p=2324"},"modified":"2025-04-28T08:42:09","modified_gmt":"2025-04-28T08:42:09","slug":"zemer-dale-mendsh","status":"publish","type":"product","link":"https:\/\/muzabotime.com\/en\/product\/zemer-dale-mendsh\/","title":{"rendered":"Zem\u00ebr dal\u00eb mendsh"},"content":{"rendered":"<p><em>Porta e paprekur<\/em><\/p>\n<p><em>\u00a0<\/em><\/p>\n<p><em>E shoh nga larg: e heshtur si prush;<\/em><\/p>\n<p><em>nj\u00eb kish\u00eb q\u00eb fle mes gur\u00ebsh e shkurresh.<\/em><\/p>\n<p><em>Kambanat e saj si gj\u00ebm\u00eb p\u00ebr zemr\u00ebn,<\/em><\/p>\n<p><em>m\u00eb lusin t\u00eb hyj, por s\u2019mund ta gjej der\u00ebn.<\/em><\/p>","protected":false},"excerpt":{"rendered":"<p>Horgito Hoxha ka lindur m\u00eb 13 maj 2004, n\u00eb Miras t\u00eb Devollit. Poezit\u00eb e para i ka shkruar q\u00eb n\u00eb mosh\u00ebn 12-vje\u00e7are. M\u00eb pas krijimet e tij i ka botuar n\u00eb gazeta e revista t\u00eb ndryshme. P\u00ebrmbledhja e par\u00eb me poezi q\u00eb botoi u titullua \u201cZhurm\u00eb \u00ebndrrash\u201d.<\/p>\n<p>Pasioni i tij p\u00ebr let\u00ebrsin\u00eb shqipe, ve\u00e7an\u00ebrisht p\u00ebr Drit\u00ebro Agollin, jan\u00eb frym\u00ebzimi i tij, nd\u00ebrsa poezia \u00ebsht\u00eb p\u00ebr t\u00eb k\u00ebnaq\u00ebsi shpirt\u00ebrore. Aktualisht studion n\u00eb Universitetin e Arteve, n\u00eb deg\u00ebn Regji Filmi &amp; TV.<\/p>","protected":false},"featured_media":2325,"template":"","meta":{"_acf_changed":false,"site-sidebar-layout":"default","site-content-layout":"default","ast-global-header-display":"","ast-banner-title-visibility":"","ast-main-header-display":"","ast-hfb-above-header-display":"","ast-hfb-below-header-display":"","ast-hfb-mobile-header-display":"","site-post-title":"","ast-breadcrumbs-content":"","ast-featured-img":"","footer-sml-layout":"","theme-transparent-header-meta":"default","adv-header-id-meta":"","stick-header-meta":"","header-above-stick-meta":"","header-main-stick-meta":"","header-below-stick-meta":""},"product_brand":[],"product_cat":[196,41],"product_tag":[],"class_list":{"0":"post-2324","1":"product","2":"type-product","3":"status-publish","4":"has-post-thumbnail","6":"product_cat-letersi-shqiptare","7":"product_cat-te-fundit","8":"desktop-align-left","9":"tablet-align-left","10":"mobile-align-left","12":"first","13":"instock","14":"shipping-taxable","15":"purchasable","16":"product-type-simple"},"acf":[],"_links":{"self":[{"href":"https:\/\/muzabotime.com\/en\/wp-json\/wp\/v2\/product\/2324","targetHints":{"allow":["GET"]}}],"collection":[{"href":"https:\/\/muzabotime.com\/en\/wp-json\/wp\/v2\/product"}],"about":[{"href":"https:\/\/muzabotime.com\/en\/wp-json\/wp\/v2\/types\/product"}],"wp:featuredmedia":[{"embeddable":true,"href":"https:\/\/muzabotime.com\/en\/wp-json\/wp\/v2\/media\/2325"}],"wp:attachment":[{"href":"https:\/\/muzabotime.com\/en\/wp-json\/wp\/v2\/media?parent=2324"}],"wp:term":[{"taxonomy":"product_brand","embeddable":true,"href":"https:\/\/muzabotime.com\/en\/wp-json\/wp\/v2\/product_brand?post=2324"},{"taxonomy":"product_cat","embeddable":true,"href":"https:\/\/muzabotime.com\/en\/wp-json\/wp\/v2\/product_cat?post=2324"},{"taxonomy":"product_tag","embeddable":true,"href":"https:\/\/muzabotime.com\/en\/wp-json\/wp\/v2\/product_tag?post=2324"}],"curies":[{"name":"wp","href":"https:\/\/api.w.org\/{rel}","templated":true}]}}