{"id":2346,"date":"2025-05-31T09:16:27","date_gmt":"2025-05-31T09:16:27","guid":{"rendered":"https:\/\/muzabotime.com\/?post_type=product&#038;p=2346"},"modified":"2025-05-31T09:16:27","modified_gmt":"2025-05-31T09:16:27","slug":"sheruesja","status":"publish","type":"product","link":"https:\/\/muzabotime.com\/en\/product\/sheruesja\/","title":{"rendered":"Sh\u00ebruesja"},"content":{"rendered":"<p>Nj\u00eb roman i fuqish\u00ebm q\u00eb na \u00e7on n\u00eb periudh\u00ebn m\u00eb t\u00eb err\u00ebt dhe n\u00eb t\u00eb nj\u00ebjt\u00ebn koh\u00eb m\u00eb t\u00eb ndritur t\u00eb historis\u00eb s\u00eb Italis\u00eb: Rezistenc\u00ebs, e cila \u00ebsht\u00eb e mbushur me ngjarje plot magji dhe emocione, si dhe nj\u00eb l\u00ebmsh \u200b\u200bndjenjash q\u00eb nuk pajtohen me nj\u00ebra-tjetr\u00ebn.<\/p>\n<p>&nbsp;<\/p>\n<p>&nbsp;<\/p>\n<p>&nbsp;<\/p>\n<p>&nbsp;<\/p>","protected":false},"excerpt":{"rendered":"<p>\u00cbsht\u00eb viti 1944, aleat\u00ebt po p\u00ebrparojn\u00eb drejt veriut t\u00eb Italis\u00eb dhe p\u00ebr partizan\u00ebt \u00ebsht\u00eb koha e rezistenc\u00ebs ndaj reprezaljeve t\u00eb fundit gjermane. Kjo po ndodh n\u00eb Piaza al Serkio, ku \u00ebsht\u00eb vendosur nj\u00eb skuad\u00ebr nazist\u00ebsh, nd\u00ebrsa t\u00eb rinjt\u00eb, t\u00eb fshehur n\u00eb pyll, provojn\u00eb t\u2019i sabotojn\u00eb. Arma e tyre sekrete: Ana, syzez\u00eb dhe e shkath\u00ebt, e cila i \u00ebsht\u00eb bashkuar rezistenc\u00ebs dhe ka dep\u00ebrtuar n\u00eb komand\u00ebn lokale gjermane si spiune. Detyra e saj \u00ebsht\u00eb t\u00eb b\u00ebj\u00eb p\u00ebr vete togerin Matias Von Bauer, nj\u00eb njeri i ngrysur nga lufta dhe zhg\u00ebnjimet e m\u00ebdha, dhe t\u2019u p\u00ebrcjell\u00eb informacione shok\u00ebve t\u00eb saj. Fillimisht, Ana d\u00ebshiron t\u2019i truaj\u00eb t\u00eb gjith\u00eb ata gjerman\u00eb arrogant\u00eb, por si Sh\u00ebruese duhet vet\u00ebm t\u00eb b\u00ebj\u00eb mir\u00eb. N\u00eb fakt, p\u00ebr vite me radh\u00eb, \u00e7do prag Krishtlindjeje, halla e saj i ka p\u00ebrcjell\u00eb k\u00ebt\u00eb praktik\u00eb t\u00eb fsheht\u00eb q\u00eb u lejon t\u00eb p\u00ebrzgjedhurve t\u00eb sh\u00ebrojn\u00eb trupa dhe shpirtra p\u00ebrmes riteve dhe lutjeve t\u00eb ve\u00e7anta. Vet\u00ebm ata q\u00eb kan\u00eb shpirt t\u00eb past\u00ebr dhe q\u00eb ndiejn\u00eb brenda vetes d\u00ebshir\u00ebn p\u00ebr t\u00eb sh\u00ebruar dhe ndihmuar t\u00eb tjer\u00ebt, mund ta vazhdojn\u00eb k\u00ebt\u00eb tradit\u00eb. Por nuk \u00ebsht\u00eb gjithmon\u00eb kaq e leht\u00eb t\u00eb menaxhosh k\u00ebt\u00eb dhunti, t\u00eb kuptosh se ku \u00ebsht\u00eb kufiri mes s\u00eb mir\u00ebs dhe s\u00eb keqes dhe t\u00eb mos thyesh nj\u00eb ekuilib\u00ebr delikat. Sidomos kur lufta t\u00eb k\u00ebrc\u00ebnon familjen, sidomos kur dashuria lind aty ku nuk duhet dhe e ardhmja \u00ebsht\u00eb m\u00eb e pasigurt se kurr\u00eb.<\/p>\n<p>&nbsp;<\/p>","protected":false},"featured_media":2347,"template":"","meta":{"_acf_changed":false,"site-sidebar-layout":"default","site-content-layout":"default","ast-global-header-display":"","ast-banner-title-visibility":"","ast-main-header-display":"","ast-hfb-above-header-display":"","ast-hfb-below-header-display":"","ast-hfb-mobile-header-display":"","site-post-title":"","ast-breadcrumbs-content":"","ast-featured-img":"","footer-sml-layout":"","theme-transparent-header-meta":"default","adv-header-id-meta":"","stick-header-meta":"","header-above-stick-meta":"","header-main-stick-meta":"","header-below-stick-meta":""},"product_brand":[],"product_cat":[168,21],"product_tag":[],"class_list":{"0":"post-2346","1":"product","2":"type-product","3":"status-publish","4":"has-post-thumbnail","6":"product_cat-letersi-europiane","7":"product_cat-roman","8":"desktop-align-left","9":"tablet-align-left","10":"mobile-align-left","12":"first","13":"instock","14":"shipping-taxable","15":"purchasable","16":"product-type-simple"},"acf":[],"_links":{"self":[{"href":"https:\/\/muzabotime.com\/en\/wp-json\/wp\/v2\/product\/2346","targetHints":{"allow":["GET"]}}],"collection":[{"href":"https:\/\/muzabotime.com\/en\/wp-json\/wp\/v2\/product"}],"about":[{"href":"https:\/\/muzabotime.com\/en\/wp-json\/wp\/v2\/types\/product"}],"wp:featuredmedia":[{"embeddable":true,"href":"https:\/\/muzabotime.com\/en\/wp-json\/wp\/v2\/media\/2347"}],"wp:attachment":[{"href":"https:\/\/muzabotime.com\/en\/wp-json\/wp\/v2\/media?parent=2346"}],"wp:term":[{"taxonomy":"product_brand","embeddable":true,"href":"https:\/\/muzabotime.com\/en\/wp-json\/wp\/v2\/product_brand?post=2346"},{"taxonomy":"product_cat","embeddable":true,"href":"https:\/\/muzabotime.com\/en\/wp-json\/wp\/v2\/product_cat?post=2346"},{"taxonomy":"product_tag","embeddable":true,"href":"https:\/\/muzabotime.com\/en\/wp-json\/wp\/v2\/product_tag?post=2346"}],"curies":[{"name":"wp","href":"https:\/\/api.w.org\/{rel}","templated":true}]}}