{"id":2350,"date":"2025-05-31T09:40:22","date_gmt":"2025-05-31T09:40:22","guid":{"rendered":"https:\/\/muzabotime.com\/?post_type=product&#038;p=2350"},"modified":"2025-05-31T09:40:22","modified_gmt":"2025-05-31T09:40:22","slug":"vejusha","status":"publish","type":"product","link":"https:\/\/muzabotime.com\/en\/product\/vejusha\/","title":{"rendered":"Vejusha"},"content":{"rendered":"<p>Nga e nj\u00ebjta autore, Botimet Muza kan\u00eb sjell\u00eb n\u00eb shqip edhe romanin \u201cSht\u00ebpia ime\u201d.<\/p>\n<p>&nbsp;<\/p>","protected":false},"excerpt":{"rendered":"<p>\u201cEdhe pse mund t\u00eb p\u00ebrfaq\u00ebsoj\u00eb t\u00eb kund\u00ebrt\u00ebn e vlerave familjare, duket se Rouda synon\u00a0 q\u00ebllimsh\u00ebm ta paraqes\u00eb at\u00eb n\u00ebn nj\u00eb drit\u00eb jom\u00ebkatare\u201d &#8211; KIRKUS REVIEWS<\/p>\n<p>&nbsp;<\/p>\n<p><strong>Nj\u00eb burr\u00eb q\u00eb ruan sekrete. Nj\u00eb grua q\u00eb nuk njeh limite. Nj\u00eb roman t\u00ebrheq\u00ebs mbi martes\u00ebn, privilegjet dhe g\u00ebnjeshtrat, nga Kaira Rouda, autorja m\u00eb e shitur e USA Today.<\/strong><\/p>\n<p><strong>\u00a0<\/strong><\/p>\n<p>Xhodi Asher kishte nj\u00eb plan. Bashk\u00ebshorti i saj karizmatik, Martini, do t\u00eb b\u00ebhej ikon\u00eb politike. Ajo, bashk\u00ebshortja sharmante, do t\u00eb stimulonte suksesin e tij. P\u00ebr pes\u00ebmb\u00ebdhjet\u00eb mandate n\u00eb Kongres ata ishin \u201c\u00c7ifti i Art\u00eb\u201d i Kodr\u00ebs. Jeta ishte e bukur. Deri kur ai&#8230; nuk ishte m\u00eb.<\/p>\n<p>Marr\u00ebdh\u00ebnia sekrete e Martinit me nj\u00eb punonj\u00ebse t\u00eb stafit nuk e shqet\u00ebson Xhodin n\u00eb nivelin personal. Po n\u00eb at\u00eb profesional?! Kjo marr\u00ebdh\u00ebnie shkat\u00ebrron gjith\u00eb at\u00eb \u00e7far\u00eb \u00ebsht\u00eb ngritur p\u00ebrgjat\u00eb viteve.<\/p>\n<p>Shum\u00eb shpejt nj\u00eb gazetar arrin t\u00eb marr\u00eb nj\u00eb sinjalizim p\u00ebr k\u00ebt\u00eb \u201cafer\u00eb sentimentale\u201d q\u00eb po ndodhte dhe Martini, me natyr\u00ebn e tij t\u00eb shkujdesur, rrezikon t\u00eb shkat\u00ebrroj\u00eb gjith\u00e7ka q\u00eb Xhodi ka arritur te ngrej\u00eb n\u00eb k\u00ebmb\u00eb.<\/p>\n<p>Vdekja e papritur e Martinit, \u00ebsht\u00eb nj\u00eb rast i mir\u00eb p\u00ebr t\u00eb ndryshuar rrjedh\u00ebn e ngjarjeve, por gazetari nuk heq dor\u00eb nga ndjekja e lajmit. Ndryshimi i balanc\u00ebs s\u00eb pushtetit n\u00eb sht\u00ebpin\u00eb e Asherve dhe n\u00eb Kod\u00ebr, \u00ebsht\u00eb p\u00ebr Xhodin \u00e7asti i duhur p\u00ebr t\u00eb marr\u00eb kontrollin. Dhe, nuk ka asgj\u00eb q\u00eb vejusha e pam\u00ebshirshme nuk do ta b\u00ebnte p\u00ebr t\u00eb siguruar t\u00eb ardhmen q\u00eb mendon se i p\u00ebrket.<\/p>\n<p>Edhe pse, ajo vet\u00eb ka nj\u00eb sekret t\u00eb sajin.<\/p>","protected":false},"featured_media":2351,"template":"","meta":{"_acf_changed":false,"site-sidebar-layout":"default","site-content-layout":"default","ast-global-header-display":"","ast-banner-title-visibility":"","ast-main-header-display":"","ast-hfb-above-header-display":"","ast-hfb-below-header-display":"","ast-hfb-mobile-header-display":"","site-post-title":"","ast-breadcrumbs-content":"","ast-featured-img":"","footer-sml-layout":"","theme-transparent-header-meta":"default","adv-header-id-meta":"","stick-header-meta":"","header-above-stick-meta":"","header-main-stick-meta":"","header-below-stick-meta":""},"product_brand":[],"product_cat":[115,311,21],"product_tag":[],"class_list":{"0":"post-2350","1":"product","2":"type-product","3":"status-publish","4":"has-post-thumbnail","6":"product_cat-letersi-amerikane","7":"product_cat-letersi-bashkekohore","8":"product_cat-roman","9":"desktop-align-left","10":"tablet-align-left","11":"mobile-align-left","13":"first","14":"instock","15":"shipping-taxable","16":"purchasable","17":"product-type-simple"},"acf":[],"_links":{"self":[{"href":"https:\/\/muzabotime.com\/en\/wp-json\/wp\/v2\/product\/2350","targetHints":{"allow":["GET"]}}],"collection":[{"href":"https:\/\/muzabotime.com\/en\/wp-json\/wp\/v2\/product"}],"about":[{"href":"https:\/\/muzabotime.com\/en\/wp-json\/wp\/v2\/types\/product"}],"wp:featuredmedia":[{"embeddable":true,"href":"https:\/\/muzabotime.com\/en\/wp-json\/wp\/v2\/media\/2351"}],"wp:attachment":[{"href":"https:\/\/muzabotime.com\/en\/wp-json\/wp\/v2\/media?parent=2350"}],"wp:term":[{"taxonomy":"product_brand","embeddable":true,"href":"https:\/\/muzabotime.com\/en\/wp-json\/wp\/v2\/product_brand?post=2350"},{"taxonomy":"product_cat","embeddable":true,"href":"https:\/\/muzabotime.com\/en\/wp-json\/wp\/v2\/product_cat?post=2350"},{"taxonomy":"product_tag","embeddable":true,"href":"https:\/\/muzabotime.com\/en\/wp-json\/wp\/v2\/product_tag?post=2350"}],"curies":[{"name":"wp","href":"https:\/\/api.w.org\/{rel}","templated":true}]}}