{"id":2355,"date":"2025-06-10T11:23:50","date_gmt":"2025-06-10T11:23:50","guid":{"rendered":"https:\/\/muzabotime.com\/?post_type=product&#038;p=2355"},"modified":"2025-06-10T11:25:20","modified_gmt":"2025-06-10T11:25:20","slug":"nen-petkun-e-padrejtesive","status":"publish","type":"product","link":"https:\/\/muzabotime.com\/en\/product\/nen-petkun-e-padrejtesive\/","title":{"rendered":"N\u00ebn petkun e padrejt\u00ebsive"},"content":{"rendered":"<p>Kimete Arifaj ka lindur n\u00eb Istog, m\u00eb 13 shkurt 1997. Ajo ka filluar t\u00eb merret me art dhe shkrime q\u00eb n\u00eb mosh\u00eb t\u00eb hershme, duke i kthyer ndjeshm\u00ebrin\u00eb, poezin\u00eb dhe krijimtarin\u00eb n\u00eb forma t\u00eb q\u00ebndres\u00ebs s\u00eb heshtur. Ka p\u00ebrfunduar studimet n\u00eb Fakultetin e Psikologjis\u00eb n\u00eb Universitetin e Prishtin\u00ebs dhe \u00ebsht\u00eb e njohur p\u00ebr p\u00ebrkushtimin e saj n\u00eb fuqizimin rinor, paqeruajtjen dhe nd\u00ebrtimin e besimit p\u00ebrmes artit, fjal\u00ebs dhe veprimit krijues.<\/p>\n<p>P\u00ebr angazhimin e saj \u00ebsht\u00eb vler\u00ebsuar me disa \u00e7mime t\u00eb r\u00ebnd\u00ebsishme, si: <em>Youth<\/em> <em>Community Ambassador, Most Creative Volunteer of the Year dhe Harmony Hero 2024<\/em>.<\/p>","protected":false},"excerpt":{"rendered":"<p>Ky lib\u00ebr nuk \u00ebsht\u00eb rr\u00ebfim. \u00cbsht\u00eb mbijetim i ndjenjave, nj\u00eb udh\u00ebtim p\u00ebrmes padrejt\u00ebsive t\u00eb heshtura, dhe nj\u00eb zgjim i fuqis\u00eb s\u00eb brendshme. Fjal\u00ebt k\u00ebtu nuk k\u00ebrkojn\u00eb m\u00eb drejt\u00ebsi nga jasht\u00eb &#8211; ato gjejn\u00eb drejt\u00ebsin\u00eb e humbur brenda nesh.<\/p>","protected":false},"featured_media":2356,"template":"","meta":{"_acf_changed":false,"site-sidebar-layout":"default","site-content-layout":"default","ast-global-header-display":"","ast-banner-title-visibility":"","ast-main-header-display":"","ast-hfb-above-header-display":"","ast-hfb-below-header-display":"","ast-hfb-mobile-header-display":"","site-post-title":"","ast-breadcrumbs-content":"","ast-featured-img":"","footer-sml-layout":"","theme-transparent-header-meta":"default","adv-header-id-meta":"","stick-header-meta":"","header-above-stick-meta":"","header-main-stick-meta":"","header-below-stick-meta":""},"product_brand":[],"product_cat":[196,41],"product_tag":[],"class_list":{"0":"post-2355","1":"product","2":"type-product","3":"status-publish","4":"has-post-thumbnail","6":"product_cat-letersi-shqiptare","7":"product_cat-te-fundit","8":"desktop-align-left","9":"tablet-align-left","10":"mobile-align-left","12":"first","13":"instock","14":"shipping-taxable","15":"purchasable","16":"product-type-simple"},"acf":[],"_links":{"self":[{"href":"https:\/\/muzabotime.com\/en\/wp-json\/wp\/v2\/product\/2355","targetHints":{"allow":["GET"]}}],"collection":[{"href":"https:\/\/muzabotime.com\/en\/wp-json\/wp\/v2\/product"}],"about":[{"href":"https:\/\/muzabotime.com\/en\/wp-json\/wp\/v2\/types\/product"}],"wp:featuredmedia":[{"embeddable":true,"href":"https:\/\/muzabotime.com\/en\/wp-json\/wp\/v2\/media\/2356"}],"wp:attachment":[{"href":"https:\/\/muzabotime.com\/en\/wp-json\/wp\/v2\/media?parent=2355"}],"wp:term":[{"taxonomy":"product_brand","embeddable":true,"href":"https:\/\/muzabotime.com\/en\/wp-json\/wp\/v2\/product_brand?post=2355"},{"taxonomy":"product_cat","embeddable":true,"href":"https:\/\/muzabotime.com\/en\/wp-json\/wp\/v2\/product_cat?post=2355"},{"taxonomy":"product_tag","embeddable":true,"href":"https:\/\/muzabotime.com\/en\/wp-json\/wp\/v2\/product_tag?post=2355"}],"curies":[{"name":"wp","href":"https:\/\/api.w.org\/{rel}","templated":true}]}}