{"id":2358,"date":"2025-06-23T12:25:33","date_gmt":"2025-06-23T12:25:33","guid":{"rendered":"https:\/\/muzabotime.com\/?post_type=product&#038;p=2358"},"modified":"2025-06-23T13:18:24","modified_gmt":"2025-06-23T13:18:24","slug":"nga-drita-ne-drite","status":"publish","type":"product","link":"https:\/\/muzabotime.com\/en\/product\/nga-drita-ne-drite\/","title":{"rendered":"Nga drita n\u00eb drit\u00eb"},"content":{"rendered":"<p>N\u00ebse po lexon k\u00ebto fjal\u00eb<\/p>\n<p>dije se kjo nuk \u00ebsht\u00eb nj\u00eb rast\u00ebsi<\/p>\n<p>shpirti yt ka k\u00ebrkuar, dhe universi ka d\u00ebgjuar<\/p>\n<p>fjal\u00ebt q\u00eb po lexon, jan\u00eb nj\u00eb pasqyr\u00eb e drit\u00ebs t\u00ebnde.<\/p>\n<p>&nbsp;<\/p>\n<p>Un\u00eb nuk jam m\u00eb shum\u00eb se ti,<\/p>\n<p>un\u00eb jam ti, n\u00eb nj\u00eb form\u00eb tjet\u00ebr.<\/p>\n<p>Dhe ti je un\u00eb, n\u00eb nj\u00eb p\u00ebrvoj\u00eb tjet\u00ebr<\/p>\n<p>t\u00eb dy jemi shpirtra q\u00eb kemi zgjedhur t\u00eb vijm\u00eb n\u00eb tok\u00eb<\/p>\n<p>p\u00ebr t\u00eb m\u00ebsuar, p\u00ebr t\u00eb kujtuar, p\u00ebr t\u00eb dashur.<\/p>","protected":false},"excerpt":{"rendered":"<p>Ky lib\u00ebr nuk \u00ebsht\u00eb thjesht rr\u00ebfim. \u00cbsht\u00eb frym\u00eb, ndri\u00e7im dhe kujtes\u00eb. Nj\u00eb kujtes\u00eb e heshtur e rrug\u00ebtimit t\u00eb shpirtit nga drita n\u00eb drit\u00eb, nga pafund\u00ebsia e gjith\u00ebsis\u00eb n\u00eb tok\u00eb dhe s\u00ebrish drejt sht\u00ebpis\u00eb hyjnore. Fjal\u00ebt q\u00eb do t\u00eb lexoni jan\u00eb fryt i p\u00ebrjetimeve t\u00eb mia shpirt\u00ebrore, q\u00eb nga dita kur erdha n\u00eb k\u00ebt\u00eb bot\u00eb, n\u00eb trupin fizik, e deri te zgjerimi i vet\u00ebdijes sime n\u00eb njohjen e m\u00ebtejshme t\u00eb qenies sime.<\/p>","protected":false},"featured_media":2359,"template":"","meta":{"_acf_changed":false,"site-sidebar-layout":"default","site-content-layout":"default","ast-global-header-display":"","ast-banner-title-visibility":"","ast-main-header-display":"","ast-hfb-above-header-display":"","ast-hfb-below-header-display":"","ast-hfb-mobile-header-display":"","site-post-title":"","ast-breadcrumbs-content":"","ast-featured-img":"","footer-sml-layout":"","theme-transparent-header-meta":"default","adv-header-id-meta":"","stick-header-meta":"","header-above-stick-meta":"","header-main-stick-meta":"","header-below-stick-meta":""},"product_brand":[],"product_cat":[196,67,41],"product_tag":[],"class_list":{"0":"post-2358","1":"product","2":"type-product","3":"status-publish","4":"has-post-thumbnail","6":"product_cat-letersi-shqiptare","7":"product_cat-libra-te-zhvillimit-personal","8":"product_cat-te-fundit","9":"desktop-align-left","10":"tablet-align-left","11":"mobile-align-left","13":"first","14":"instock","15":"shipping-taxable","16":"purchasable","17":"product-type-simple"},"acf":[],"_links":{"self":[{"href":"https:\/\/muzabotime.com\/en\/wp-json\/wp\/v2\/product\/2358","targetHints":{"allow":["GET"]}}],"collection":[{"href":"https:\/\/muzabotime.com\/en\/wp-json\/wp\/v2\/product"}],"about":[{"href":"https:\/\/muzabotime.com\/en\/wp-json\/wp\/v2\/types\/product"}],"wp:featuredmedia":[{"embeddable":true,"href":"https:\/\/muzabotime.com\/en\/wp-json\/wp\/v2\/media\/2359"}],"wp:attachment":[{"href":"https:\/\/muzabotime.com\/en\/wp-json\/wp\/v2\/media?parent=2358"}],"wp:term":[{"taxonomy":"product_brand","embeddable":true,"href":"https:\/\/muzabotime.com\/en\/wp-json\/wp\/v2\/product_brand?post=2358"},{"taxonomy":"product_cat","embeddable":true,"href":"https:\/\/muzabotime.com\/en\/wp-json\/wp\/v2\/product_cat?post=2358"},{"taxonomy":"product_tag","embeddable":true,"href":"https:\/\/muzabotime.com\/en\/wp-json\/wp\/v2\/product_tag?post=2358"}],"curies":[{"name":"wp","href":"https:\/\/api.w.org\/{rel}","templated":true}]}}