{"id":2361,"date":"2025-08-07T07:53:27","date_gmt":"2025-08-07T07:53:27","guid":{"rendered":"https:\/\/muzabotime.com\/?post_type=product&#038;p=2361"},"modified":"2025-08-07T07:56:06","modified_gmt":"2025-08-07T07:56:06","slug":"2361","status":"publish","type":"product","link":"https:\/\/muzabotime.com\/en\/product\/2361\/","title":{"rendered":"Historia jon\u00eb"},"content":{"rendered":"","protected":false},"excerpt":{"rendered":"<p>&nbsp;<\/p>\n<p>Nga autorja Jennifer Bardsley vjen nj\u00eb histori prek\u00ebse dashurie rreth nj\u00eb krimi q\u00eb ndodh n\u00eb nj\u00eb qytet t\u00eb vog\u00ebl, por q\u00eb bashkon dy ish t\u00eb dashur t\u00eb gjimnazit, t\u00eb cil\u00ebt kurr\u00eb nuk e kan\u00eb kap\u00ebrcyer plot\u00ebsisht t\u00eb kaluar\u00ebn e tyre.<\/p>\n<p>Jeta e Andrea Uintit n\u00eb qytez\u00ebn Port Inez, Uashington, \u00ebsht\u00eb e thjesht\u00eb. Ajo punon, shijon pamjen mahnit\u00ebse t\u00eb gjirit nga dritarja e banes\u00ebs s\u00eb saj dhe viziton t\u00eb atin, i cili koh\u00ebt e fundit jeton n\u00eb nj\u00eb qend\u00ebr kujdesi p\u00ebr kujtes\u00ebn. Babai i saj \u00ebsht\u00eb n\u00eb fazat e fundit t\u00eb Alzheimerit, por Andrea i sjell \u00e7do dit\u00eb nj\u00eb monedh\u00eb nga koleksioni i tij i \u00e7muar &#8211; copa t\u00eb vogla metalesh t\u00eb \u00e7muara, q\u00eb duket se e ndihmojn\u00eb t\u00eb rikthehet p\u00ebr pak \u00e7aste n\u00eb vetvete. Prandaj, kur dikush ia grabit sht\u00ebpin\u00eb dhe monedhat zhduken, Andrea ndihet e shkat\u00ebrruar.<\/p>\n<p>P\u00ebr t\u00eb gjetur fajtorin, ajo i drejtohet Dastin Karlsonit &#8211; ish i dashuri i saj n\u00eb vitet e gjimnazit. Koh\u00eb m\u00eb par\u00eb, ata i kan\u00eb thyer zemr\u00ebn nj\u00ebri-tjetrit, dhe disa plag\u00eb sh\u00ebrohen me v\u00ebshtir\u00ebsi. Por Dastin ndihet mir\u00ebnjoh\u00ebs ndaj Tom Uintit t\u00eb s\u00ebmur\u00eb dhe d\u00ebshiron ta ndihmoj\u00eb. P\u00ebr m\u00eb tep\u00ebr, ai ka nj\u00eb arsye personale p\u00ebr t\u00eb zbuluar kush \u00ebsht\u00eb hajduti. N\u00eb fakt, dyshon se mund t\u00eb jet\u00eb kunati i tij &#8211; nj\u00eb lojtar bixhozi dhe alkoolist, i cili \u00ebsht\u00eb larguar nga qyteti, duke l\u00ebn\u00eb pas motr\u00ebn e Dastinit dhe dy mbesat e tij t\u00eb vogla.<\/p>\n<p>Teksa Dastin dhe Andrea udh\u00ebtojn\u00eb n\u00ebp\u00ebr rajonin e Paq\u00ebsorit Veriper\u00ebndimor p\u00ebr t\u00eb gjetur monedhat e humbura, ndjenjat e vjetra zgjohen s\u00ebrish. Ndoshta, ka ende shpres\u00eb p\u00ebr nj\u00eb fund t\u00eb lumtur.<\/p>","protected":false},"featured_media":2365,"template":"","meta":{"_acf_changed":false,"site-sidebar-layout":"default","site-content-layout":"default","ast-global-header-display":"","ast-banner-title-visibility":"","ast-main-header-display":"","ast-hfb-above-header-display":"","ast-hfb-below-header-display":"","ast-hfb-mobile-header-display":"","site-post-title":"","ast-breadcrumbs-content":"","ast-featured-img":"","footer-sml-layout":"","theme-transparent-header-meta":"default","adv-header-id-meta":"","stick-header-meta":"","header-above-stick-meta":"","header-main-stick-meta":"","header-below-stick-meta":""},"product_brand":[],"product_cat":[115,21,41],"product_tag":[],"class_list":{"0":"post-2361","1":"product","2":"type-product","3":"status-publish","4":"has-post-thumbnail","6":"product_cat-letersi-amerikane","7":"product_cat-roman","8":"product_cat-te-fundit","9":"desktop-align-left","10":"tablet-align-left","11":"mobile-align-left","13":"first","14":"instock","15":"shipping-taxable","16":"purchasable","17":"product-type-simple"},"acf":[],"_links":{"self":[{"href":"https:\/\/muzabotime.com\/en\/wp-json\/wp\/v2\/product\/2361","targetHints":{"allow":["GET"]}}],"collection":[{"href":"https:\/\/muzabotime.com\/en\/wp-json\/wp\/v2\/product"}],"about":[{"href":"https:\/\/muzabotime.com\/en\/wp-json\/wp\/v2\/types\/product"}],"wp:featuredmedia":[{"embeddable":true,"href":"https:\/\/muzabotime.com\/en\/wp-json\/wp\/v2\/media\/2365"}],"wp:attachment":[{"href":"https:\/\/muzabotime.com\/en\/wp-json\/wp\/v2\/media?parent=2361"}],"wp:term":[{"taxonomy":"product_brand","embeddable":true,"href":"https:\/\/muzabotime.com\/en\/wp-json\/wp\/v2\/product_brand?post=2361"},{"taxonomy":"product_cat","embeddable":true,"href":"https:\/\/muzabotime.com\/en\/wp-json\/wp\/v2\/product_cat?post=2361"},{"taxonomy":"product_tag","embeddable":true,"href":"https:\/\/muzabotime.com\/en\/wp-json\/wp\/v2\/product_tag?post=2361"}],"curies":[{"name":"wp","href":"https:\/\/api.w.org\/{rel}","templated":true}]}}