{"id":2369,"date":"2025-09-12T15:10:48","date_gmt":"2025-09-12T15:10:48","guid":{"rendered":"https:\/\/muzabotime.com\/?post_type=product&#038;p=2369"},"modified":"2025-09-12T15:10:48","modified_gmt":"2025-09-12T15:10:48","slug":"koral","status":"publish","type":"product","link":"https:\/\/muzabotime.com\/en\/product\/koral\/","title":{"rendered":"Koral"},"content":{"rendered":"<p>U rr\u00ebzova nja dy a tri her\u00eb teksa mundohesha t\u00eb ngrihesha, ndoshta kisha harruar t\u00eb ecja. Ndihesha \u00e7uditsh\u00ebm. \u00c7uditsh\u00ebm&#8230; dometh\u00ebn\u00eb nj\u00eb ndjesi q\u00eb nuk e kisha provuar m\u00eb par\u00eb, m\u00eb dukej vetja sikur kisha hyr\u00eb n\u00eb ndonj\u00eb gjendje alarmi t\u00eb kuq, pasi nuk dija si t\u00eb sillesha e t\u00eb veproja. M\u00eb dukej sikur kisha humbur, n\u00eb t\u00eb v\u00ebrtet\u00eb&#8230; kisha humbur. Nuk mbaja mend asgj\u00eb. Preka fytyr\u00ebn rr\u00ebmbimthi, mbase flok\u00ebt, form\u00ebzat e fytyr\u00ebs, buz\u00ebt, do t\u00eb m\u00eb thoshin di\u00e7ka\u2026 por jo. Asgj\u00eb, asgj\u00eb dhe gjendesha kaq bosh, pa q\u00ebllim e pa em\u00ebr. Ula kok\u00ebn dhe kuptova q\u00eb m\u00eb mungonin edhe rrobat e trupit. U frik\u00ebsova akoma m\u00eb shum\u00eb. Edhe pse dukej si nj\u00eb zon\u00eb e pashkelur nga k\u00ebmba e njeriut, m\u00eb p\u00ebrshkoi ndjesia e turpit dhe vrapova sa t\u00eb m\u00eb hanin k\u00ebmb\u00ebt. U trondita kaq shum\u00eb q\u00eb nuk po dija kush isha dhe nuk dija ku ndodhesha. Desha ta shp\u00ebtoja veten. Dometh\u00ebn\u00eb e kisha nj\u00eb q\u00ebllim: t\u00eb shp\u00ebtoja veten. Mos vall\u00eb ky ishte nj\u00eb q\u00ebllim i cili lindte me njeriun, por q\u00eb vet\u00eb njeriu e harronte gjat\u00eb rrug\u00ebs?<\/p>","protected":false},"excerpt":{"rendered":"<p>Deg\u00ebt e kumbull\u00ebs trokitnin n\u00eb xham, sikur donin t\u00eb m\u00eb p\u00ebrsh\u00ebndetnin. Pas shiut gjithmon\u00eb ka diell. Muret q\u00eb ty t\u00eb duken t\u00eb heshtur, sot fol\u00ebn p\u00ebr t\u00eb disat\u00ebn her\u00eb. Syt\u00eb t\u00eb ngjyrosur n\u00eb lajthi, vet\u00ebtin\u00eb si qiell i trisht\u00eb. Kumbulla e veshi p\u00ebrs\u00ebri t\u00eb bardh\u00ebn e saj t\u00eb parap\u00eblqyer, u b\u00eb nj\u00eblloj e bukur si nj\u00eb pranver\u00eb m\u00eb par\u00eb. Mbreti diell e ngrohu edhe nj\u00eb her\u00eb tok\u00ebn me dashurin\u00eb e tij. Zogjt\u00eb cic\u00ebruan prej gjall\u00ebrimit, her\u00eb mbi telat e korrentit e her\u00eb krah\u00ebhapur n\u00ebp\u00ebr qiell. Toka e veshi fustanin e saj t\u00eb gjelb\u00ebr. Pranvera sot ishte m\u00eb e qet\u00eb se kurr\u00eb. Ajo erdhi, u rehatua mbi tok\u00ebn e saj pa trokitur fare. Asgj\u00eb nuk ndali, p\u00ebrve\u00e7 teje.<\/p>","protected":false},"featured_media":2370,"template":"","meta":{"_acf_changed":false,"site-sidebar-layout":"default","site-content-layout":"default","ast-global-header-display":"","ast-banner-title-visibility":"","ast-main-header-display":"","ast-hfb-above-header-display":"","ast-hfb-below-header-display":"","ast-hfb-mobile-header-display":"","site-post-title":"","ast-breadcrumbs-content":"","ast-featured-img":"","footer-sml-layout":"","theme-transparent-header-meta":"default","adv-header-id-meta":"","stick-header-meta":"","header-above-stick-meta":"","header-main-stick-meta":"","header-below-stick-meta":""},"product_brand":[],"product_cat":[196,21,41],"product_tag":[337],"class_list":{"0":"post-2369","1":"product","2":"type-product","3":"status-publish","4":"has-post-thumbnail","6":"product_cat-letersi-shqiptare","7":"product_cat-roman","8":"product_cat-te-fundit","9":"product_tag-roman-psikologjik","10":"desktop-align-left","11":"tablet-align-left","12":"mobile-align-left","14":"first","15":"instock","16":"shipping-taxable","17":"purchasable","18":"product-type-simple"},"acf":[],"_links":{"self":[{"href":"https:\/\/muzabotime.com\/en\/wp-json\/wp\/v2\/product\/2369","targetHints":{"allow":["GET"]}}],"collection":[{"href":"https:\/\/muzabotime.com\/en\/wp-json\/wp\/v2\/product"}],"about":[{"href":"https:\/\/muzabotime.com\/en\/wp-json\/wp\/v2\/types\/product"}],"wp:featuredmedia":[{"embeddable":true,"href":"https:\/\/muzabotime.com\/en\/wp-json\/wp\/v2\/media\/2370"}],"wp:attachment":[{"href":"https:\/\/muzabotime.com\/en\/wp-json\/wp\/v2\/media?parent=2369"}],"wp:term":[{"taxonomy":"product_brand","embeddable":true,"href":"https:\/\/muzabotime.com\/en\/wp-json\/wp\/v2\/product_brand?post=2369"},{"taxonomy":"product_cat","embeddable":true,"href":"https:\/\/muzabotime.com\/en\/wp-json\/wp\/v2\/product_cat?post=2369"},{"taxonomy":"product_tag","embeddable":true,"href":"https:\/\/muzabotime.com\/en\/wp-json\/wp\/v2\/product_tag?post=2369"}],"curies":[{"name":"wp","href":"https:\/\/api.w.org\/{rel}","templated":true}]}}