{"id":2391,"date":"2025-11-19T10:44:19","date_gmt":"2025-11-19T10:44:19","guid":{"rendered":"https:\/\/muzabotime.com\/?post_type=product&#038;p=2391"},"modified":"2025-11-19T10:46:18","modified_gmt":"2025-11-19T10:46:18","slug":"nje-zgjedhje-e-rendesishme","status":"publish","type":"product","link":"https:\/\/muzabotime.com\/en\/product\/nje-zgjedhje-e-rendesishme\/","title":{"rendered":"Nj\u00eb zgjedhje e r\u00ebnd\u00ebsishme"},"content":{"rendered":"<p><strong>KUSH \u00cbSHT\u00cb LUIGI GARLANDO?<\/strong><\/p>\n<p>Midis shum\u00eb gj\u00ebrave q\u00eb e t\u00ebrbonin maman\u00eb time kur isha i vog\u00ebl, ishin dy n\u00eb ve\u00e7anti: llambadari i sallonit i thyer dhe n\u00ebnkresat e ndotura me boj\u00eb. Mjaftonte q\u00eb t\u00eb m\u00eb linin vet\u00ebm n\u00eb sht\u00ebpi me tim v\u00eblla, Ferruccio-n, dhe salloni i ngr\u00ebnies b\u00ebhej nj\u00eb fush\u00eb e shk\u00eblqyer futbolli. E keqja \u00ebsht\u00eb se n\u00eb sallon kishim nj\u00eb llambadar t\u00eb paduruesh\u00ebm kristali, t\u00eb bukur por shum\u00eb delikat, nj\u00eb far\u00eb kok\u00eb me shum\u00eb v\u00ebth\u00eb qelqi: n\u00eb goditjen m\u00eb t\u00eb leht\u00eb me top humbiste pjes\u00eb.<\/p>\n<p>Pasi u b\u00ebra pak m\u00eb i madh, zbulova arg\u00ebtimin e t\u00eb shkruarit. Meq\u00eb tani nuk kisha m\u00eb mosh\u00eb t\u00eb k\u00ebrkoja t\u00eb m\u00eb tregonin p\u00ebrralla, n\u00eb mbr\u00ebmje, para se t\u00eb flija, ia tregoja vet\u00eb vetes, apo m\u00eb mir\u00eb, sajoja histori dhe i shkruaja n\u00eb nj\u00eb fletore me kutia. E keqja, n\u00eb k\u00ebt\u00eb rast, \u00ebsht\u00eb se shpesh gjumi vinte para se t\u00eb arrija ta lija fletoren dhe t\u2019i vija kapakun stilolapsit q\u00eb ashtu, duke u rrokullisur n\u00eb shtrat gjat\u00eb gjith\u00eb nat\u00ebs, njolloste n\u00ebnkres\u00eb dhe \u00e7ar\u00e7af\u00eb.<\/p>\n<p>Dometh\u00ebn\u00eb, mua futbolli dhe t\u00eb shkruarit m\u00eb kan\u00eb p\u00eblqyer gjithnj\u00eb, n\u00eb fakt sot jam nj\u00eb gazetar sportiv. Shkruaj n\u00eb <em>Gazzetta dello Sport<\/em>, at\u00eb gazet\u00ebn e tr\u00ebndafilt\u00eb q\u00eb botohet n\u00eb Milano, qytetin ku kam lindur dhe jam rritur.<\/p>\n<p>Por para se t\u00eb b\u00ebhesha gazetar, punova p\u00ebr disa vjet si m\u00ebsues italishteje. At\u00ebher\u00eb u vija nota nx\u00ebn\u00ebsve, tani u v\u00eb futbollist\u00ebve. Ndryshimi \u00ebsht\u00eb se kur nj\u00eb djal\u00eb i vog\u00ebl merrte nj\u00eb 4 n\u00eb nj\u00eb hartim nuk m\u00eb telefononte p\u00ebr t\u00eb protestuar, nd\u00ebrsa kur i v\u00eb 4 n\u00eb gazet\u00eb nj\u00eb qend\u00ebrsulmuesi, shpesh m\u00eb bie zilja e celularit\u2026<\/p>\n<p>Nuk jam i shpejt\u00eb si Bekani apo Zhoaoja, nuk kam shpirtin luftarak t\u00eb Sar\u00ebs dhe Lar\u00ebs, nuk kam fuqin\u00eb e Gjilp\u00ebr\u00ebs me kok\u00eb dhe as gjat\u00ebsin\u00eb e \u00c7iro-\u00c7iraf\u00ebs, nuk kam k\u00ebmb\u00ebt e mira t\u00eb Tomit dhe as pasimin e sakt\u00eb t\u00eb Dantes, por megjithat\u00eb luaj me top\u2026 T\u00eb pakt\u00ebn nj\u00eb her\u00eb n\u00eb jav\u00eb, me shok\u00ebt e mi t\u00eb pun\u00ebs. Dhe si\u00e7 shpjegon Gaston Shampinjoni: un\u00eb nuk humbas kurr\u00eb, sepse arg\u00ebtohem gjithnj\u00eb! Me modesti, kam nj\u00ebfar\u00eb klasi, si\u00e7 mund ta shihni n\u00eb fotografin\u00eb k\u00ebtu sip\u00ebr\u2026<\/p>","protected":false},"excerpt":{"rendered":"<p>Aventurat, sfidat dhe \u00ebndrrat e tet\u00eb adoleshent\u00ebve me nj\u00eb pasion t\u00eb madh: futbollin!<\/p>\n<p>&nbsp;<\/p>\n<p>TOMI E KA VENDOSUR: DO T\u2019I BRAKTIS\u00cb MIQT\u00cb E TIJ KOKARET, P\u00cbR T\u00cb LUAJTUR me Interin. Tanim\u00eb e pret nj\u00eb kampionat i v\u00ebrtet\u00eb nd\u00ebrkrahinor, me shok\u00eb skuadre t\u00eb talentuar dhe me kund\u00ebrshtar\u00eb q\u00eb nuk b\u00ebjn\u00eb shaka\u2026 Megjithat\u00eb, n\u00eb fillim, s\u00eb bashku me shok\u00ebt e tij t\u00eb vjet\u00ebr, do t\u2019i duhet t\u00eb p\u00ebrballet me nj\u00eb ndeshje t\u00eb fundit, v\u00ebrtet mbres\u00ebl\u00ebn\u00ebse: t\u00eb rinjt\u00eb kund\u00ebr prind\u00ebrve, apo m\u00eb mir\u00eb t\u00eb themi\u2026 Kokaret kund\u00ebr Qeposhave!<\/p>","protected":false},"featured_media":2392,"template":"","meta":{"_acf_changed":false,"site-sidebar-layout":"default","site-content-layout":"default","ast-global-header-display":"","ast-banner-title-visibility":"","ast-main-header-display":"","ast-hfb-above-header-display":"","ast-hfb-below-header-display":"","ast-hfb-mobile-header-display":"","site-post-title":"","ast-breadcrumbs-content":"","ast-featured-img":"","footer-sml-layout":"","theme-transparent-header-meta":"default","adv-header-id-meta":"","stick-header-meta":"","header-above-stick-meta":"","header-main-stick-meta":"","header-below-stick-meta":""},"product_brand":[],"product_cat":[20,168,41],"product_tag":[],"class_list":{"0":"post-2391","1":"product","2":"type-product","3":"status-publish","4":"has-post-thumbnail","6":"product_cat-per-femije","7":"product_cat-letersi-europiane","8":"product_cat-te-fundit","9":"desktop-align-left","10":"tablet-align-left","11":"mobile-align-left","13":"first","14":"instock","15":"shipping-taxable","16":"purchasable","17":"product-type-simple"},"acf":[],"_links":{"self":[{"href":"https:\/\/muzabotime.com\/en\/wp-json\/wp\/v2\/product\/2391","targetHints":{"allow":["GET"]}}],"collection":[{"href":"https:\/\/muzabotime.com\/en\/wp-json\/wp\/v2\/product"}],"about":[{"href":"https:\/\/muzabotime.com\/en\/wp-json\/wp\/v2\/types\/product"}],"wp:featuredmedia":[{"embeddable":true,"href":"https:\/\/muzabotime.com\/en\/wp-json\/wp\/v2\/media\/2392"}],"wp:attachment":[{"href":"https:\/\/muzabotime.com\/en\/wp-json\/wp\/v2\/media?parent=2391"}],"wp:term":[{"taxonomy":"product_brand","embeddable":true,"href":"https:\/\/muzabotime.com\/en\/wp-json\/wp\/v2\/product_brand?post=2391"},{"taxonomy":"product_cat","embeddable":true,"href":"https:\/\/muzabotime.com\/en\/wp-json\/wp\/v2\/product_cat?post=2391"},{"taxonomy":"product_tag","embeddable":true,"href":"https:\/\/muzabotime.com\/en\/wp-json\/wp\/v2\/product_tag?post=2391"}],"curies":[{"name":"wp","href":"https:\/\/api.w.org\/{rel}","templated":true}]}}