{"id":2395,"date":"2025-11-19T10:58:02","date_gmt":"2025-11-19T10:58:02","guid":{"rendered":"https:\/\/muzabotime.com\/?post_type=product&#038;p=2395"},"modified":"2025-11-19T10:58:02","modified_gmt":"2025-11-19T10:58:02","slug":"perflakje-ere","status":"publish","type":"product","link":"https:\/\/muzabotime.com\/en\/product\/perflakje-ere\/","title":{"rendered":"P\u00ebrflakje ere"},"content":{"rendered":"<p>Nj\u00eb pedant i rraskapitur q\u00eb kish rrojtur 1 trilion minuta jet\u00eb me nj\u00eb ndjesi fare t\u00eb pakuptueshme, nj\u00eb m\u00ebngjes shiu, pa se bota si \u00e7do dit\u00eb, ecte n\u00ebn ritmin e vet. U plog\u00ebshtua dhe nj\u00eb ndjenj\u00eb m\u00ebrzitie i pushtoi laringun, e megjithat\u00eb si p\u00ebrher\u00eb, e kap\u00ebrceu pa b\u00ebr\u00eb ndonj\u00eb zhurm\u00eb a ndonj\u00eb ankes\u00eb t\u00eb madhe. Sot vendosi t\u00eb arratisej diku &#8211; t\u00eb pakt\u00ebn kaq gj\u00eb e dinte &#8211; ku e gjith\u00eb bota do t\u00eb ishte e tij; \u00e7do l\u00ebvizje t\u00eb saj t\u00eb kot\u00eb do ta kishte n\u00ebn v\u00ebzhgim. Si i pav\u00ebmendsh\u00ebm &#8211; n\u00eb sy t\u00eb njer\u00ebzis\u00eb &#8211; q\u00eb njihej, p\u00ebr nj\u00eb \u00e7ast humbi n\u00eb mendime dhe, si shirit i nj\u00eb filmi t\u00eb vjet\u00ebr kaseta e tij e jet\u00ebs i kalonte para syve, her\u00eb shum\u00eb shpejt, e her\u00eb t\u00eb tjera n\u00eb ekranin e mendjes filmi ngecte dhe dvd-a e vjetruar e kafshonte pa m\u00ebshir\u00eb shiritin ngjyr\u00eb kafe. I p\u00ebrbuzi t\u00eb gjitha k\u00ebto dhe thuajse pa m\u00ebshir\u00eb p\u00ebrbuzi dhe veten, qenien e tij.<\/p>","protected":false},"excerpt":{"rendered":"<p><em>V\u00ebllimi poetik ndahet n\u00eb dy cikle, prej t\u00eb cilit i pari p\u00ebrb\u00ebhet nga nj\u00eb gjuh\u00eb m\u00eb e thjesht\u00eb, m\u00eb e drejtp\u00ebrdrejt\u00eb leksikore, e pasur me figura stilistike, q\u00eb vjen m\u00eb tep\u00ebr si reflektim i v\u00ebzhgimeve me ndjesi t\u00eb zjarrta t\u00eb koh\u00ebs.<\/em><\/p>\n<p><em>\u00a0Cikli i dyt\u00eb \u00ebsht\u00eb ai q\u00eb un\u00eb e them me plot goj\u00ebn, stili q\u00eb kam gjetur e p\u00ebrqafuar veten, frym\u00ebzuar nga poezia moderne, me nj\u00eb gjuh\u00eb t\u00eb thell\u00eb e lakonike, me paradokse, me struktur\u00eb t\u00eb lir\u00eb vargu, dhe me nj\u00eb leksik m\u00eb specifik. K\u00ebtu bashkohen t\u00eb dyja, fillimisht t\u00eb qenit nj\u00eb v\u00ebzhgues i mir\u00eb, e m\u00eb pas nj\u00eb sentimental i mir\u00eb.\u00a0 <\/em><\/p>\n<p><em>Cikli i par\u00eb u dedikohet dashamir\u00ebsve t\u00eb rim\u00ebs; i dyti dashamir\u00ebsve t\u00eb alegorikes.<\/em><\/p>\n<p>V\u00ebllimi poetik ngrihet si nj\u00eb grafik me tendenca rritjeje, gj\u00eb p\u00ebr t\u00eb cil\u00ebn, ti si lexues, je m\u00eb tep\u00ebr se i mir\u00ebpritur p\u00ebr t\u00eb dh\u00ebn\u00eb verdiktin e fundit.<\/p>\n<p>&nbsp;<\/p>","protected":false},"featured_media":2396,"template":"","meta":{"_acf_changed":false,"site-sidebar-layout":"default","site-content-layout":"default","ast-global-header-display":"","ast-banner-title-visibility":"","ast-main-header-display":"","ast-hfb-above-header-display":"","ast-hfb-below-header-display":"","ast-hfb-mobile-header-display":"","site-post-title":"","ast-breadcrumbs-content":"","ast-featured-img":"","footer-sml-layout":"","theme-transparent-header-meta":"default","adv-header-id-meta":"","stick-header-meta":"","header-above-stick-meta":"","header-main-stick-meta":"","header-below-stick-meta":""},"product_brand":[],"product_cat":[196],"product_tag":[],"class_list":{"0":"post-2395","1":"product","2":"type-product","3":"status-publish","4":"has-post-thumbnail","6":"product_cat-letersi-shqiptare","7":"desktop-align-left","8":"tablet-align-left","9":"mobile-align-left","11":"first","12":"instock","13":"shipping-taxable","14":"purchasable","15":"product-type-simple"},"acf":[],"_links":{"self":[{"href":"https:\/\/muzabotime.com\/en\/wp-json\/wp\/v2\/product\/2395","targetHints":{"allow":["GET"]}}],"collection":[{"href":"https:\/\/muzabotime.com\/en\/wp-json\/wp\/v2\/product"}],"about":[{"href":"https:\/\/muzabotime.com\/en\/wp-json\/wp\/v2\/types\/product"}],"wp:featuredmedia":[{"embeddable":true,"href":"https:\/\/muzabotime.com\/en\/wp-json\/wp\/v2\/media\/2396"}],"wp:attachment":[{"href":"https:\/\/muzabotime.com\/en\/wp-json\/wp\/v2\/media?parent=2395"}],"wp:term":[{"taxonomy":"product_brand","embeddable":true,"href":"https:\/\/muzabotime.com\/en\/wp-json\/wp\/v2\/product_brand?post=2395"},{"taxonomy":"product_cat","embeddable":true,"href":"https:\/\/muzabotime.com\/en\/wp-json\/wp\/v2\/product_cat?post=2395"},{"taxonomy":"product_tag","embeddable":true,"href":"https:\/\/muzabotime.com\/en\/wp-json\/wp\/v2\/product_tag?post=2395"}],"curies":[{"name":"wp","href":"https:\/\/api.w.org\/{rel}","templated":true}]}}