{"id":2398,"date":"2025-11-19T11:10:30","date_gmt":"2025-11-19T11:10:30","guid":{"rendered":"https:\/\/muzabotime.com\/?post_type=product&#038;p=2398"},"modified":"2025-11-19T11:10:31","modified_gmt":"2025-11-19T11:10:31","slug":"e-dashur-denise","status":"publish","type":"product","link":"https:\/\/muzabotime.com\/en\/product\/e-dashur-denise\/","title":{"rendered":"E dashur Denis\u00eb"},"content":{"rendered":"","protected":false},"excerpt":{"rendered":"<p>Nj\u00eb roman me 31 kapituj q\u00eb fillojn\u00eb nj\u00eblloj: \u201c<em>E dashur Denis\u00eb&#8230;\u201d<\/em><\/p>\n<p>Nj\u00eb let\u00ebr, nj\u00eb rr\u00ebfim, nj\u00eb plag\u00eb e hapur.<\/p>\n<p>Nj\u00eb lib\u00ebr q\u00eb flet p\u00ebr humbjen, dashurin\u00eb dhe vetmin\u00eb.<\/p>\n<p>Nj\u00eb p\u00ebshtjellim ndjesish tek i cili feks dashuria, edhe kur shfaqet me dhimbje.<\/p>\n<p>\u201cE dashur Denis\u00eb\u201d &#8211; nj\u00eb udh\u00ebtim n\u00eb dhimbjen q\u00eb t\u00eb m\u00ebson si t\u00eb duash, edhe kur gjith\u00e7ka duket e humbur.\u201d<\/p>\n<p>&nbsp;<\/p>\n<p>N\u00eb \u00e7astin kur humbet \u00e7far\u00eb ti quaje gjith\u00e7ka, \u00e7far\u00eb v\u00ebrtet \u00ebsht\u00eb gjith\u00e7ka, humbet edhe kuptimin. Dhimbja t\u00eb mbyll n\u00eb vetvete, dhimbja t\u00eb shkat\u00ebrron, por p\u00ebr \u00e7far\u00eb v\u00ebrtet nuk flasim \u00ebsht\u00eb se dhimbja t\u00eb b\u00ebn egoist. Gjith\u00e7ka fillon me nj\u00eb \u201cE dashur Denis\u00eb\u201d me m\u00ebtimin se dashuria justifikon \u00e7do veprim pa gjykim dhe dal\u00ebngadal\u00eb e gjen veten t\u00eb humbur. Dhe tani askush s\u2019t\u00eb shp\u00ebton m\u00eb.<\/p>","protected":false},"featured_media":2399,"template":"","meta":{"_acf_changed":false,"site-sidebar-layout":"default","site-content-layout":"default","ast-global-header-display":"","ast-banner-title-visibility":"","ast-main-header-display":"","ast-hfb-above-header-display":"","ast-hfb-below-header-display":"","ast-hfb-mobile-header-display":"","site-post-title":"","ast-breadcrumbs-content":"","ast-featured-img":"","footer-sml-layout":"","theme-transparent-header-meta":"default","adv-header-id-meta":"","stick-header-meta":"","header-above-stick-meta":"","header-main-stick-meta":"","header-below-stick-meta":""},"product_brand":[],"product_cat":[196],"product_tag":[],"class_list":{"0":"post-2398","1":"product","2":"type-product","3":"status-publish","4":"has-post-thumbnail","6":"product_cat-letersi-shqiptare","7":"desktop-align-left","8":"tablet-align-left","9":"mobile-align-left","11":"first","12":"instock","13":"shipping-taxable","14":"purchasable","15":"product-type-simple"},"acf":[],"_links":{"self":[{"href":"https:\/\/muzabotime.com\/en\/wp-json\/wp\/v2\/product\/2398","targetHints":{"allow":["GET"]}}],"collection":[{"href":"https:\/\/muzabotime.com\/en\/wp-json\/wp\/v2\/product"}],"about":[{"href":"https:\/\/muzabotime.com\/en\/wp-json\/wp\/v2\/types\/product"}],"wp:featuredmedia":[{"embeddable":true,"href":"https:\/\/muzabotime.com\/en\/wp-json\/wp\/v2\/media\/2399"}],"wp:attachment":[{"href":"https:\/\/muzabotime.com\/en\/wp-json\/wp\/v2\/media?parent=2398"}],"wp:term":[{"taxonomy":"product_brand","embeddable":true,"href":"https:\/\/muzabotime.com\/en\/wp-json\/wp\/v2\/product_brand?post=2398"},{"taxonomy":"product_cat","embeddable":true,"href":"https:\/\/muzabotime.com\/en\/wp-json\/wp\/v2\/product_cat?post=2398"},{"taxonomy":"product_tag","embeddable":true,"href":"https:\/\/muzabotime.com\/en\/wp-json\/wp\/v2\/product_tag?post=2398"}],"curies":[{"name":"wp","href":"https:\/\/api.w.org\/{rel}","templated":true}]}}