{"id":95,"date":"2022-02-24T11:08:55","date_gmt":"2022-02-24T11:08:55","guid":{"rendered":"https:\/\/muzabotime.com\/?post_type=product&#038;p=95"},"modified":"2023-02-22T11:46:10","modified_gmt":"2023-02-22T11:46:10","slug":"rahoi-scaled","status":"publish","type":"product","link":"https:\/\/muzabotime.com\/en\/product\/rahoi-scaled\/","title":{"rendered":"8 p\u00ebrralla p\u00ebr ty"},"content":{"rendered":"","protected":false},"excerpt":{"rendered":"<p>Rahoi Zanaj \u00ebsht\u00eb nj\u00eb vajz\u00eb 9-vje\u00e7are, tep\u00ebr e talentuar. P\u00ebrve\u00e7se nj\u00eb lexuese tep\u00ebr e pasionuar, ajo ka mjaft talent edhe n\u00eb t\u00eb shkruar.<\/p>\n<p>Kjo \u00ebsht\u00eb p\u00ebrmbledhja e saj e par\u00eb me p\u00ebrralla, t\u00eb cil\u00ebn kishte shum\u00eb d\u00ebshir\u00eb ta ndante me bashk\u00ebmoshatar\u00ebt e vet.<\/p>","protected":false},"featured_media":1718,"template":"","meta":{"_acf_changed":false,"site-sidebar-layout":"default","site-content-layout":"default","ast-global-header-display":"","ast-banner-title-visibility":"","ast-main-header-display":"","ast-hfb-above-header-display":"","ast-hfb-below-header-display":"","ast-hfb-mobile-header-display":"","site-post-title":"","ast-breadcrumbs-content":"","ast-featured-img":"","footer-sml-layout":"","theme-transparent-header-meta":"default","adv-header-id-meta":"","stick-header-meta":"","header-above-stick-meta":"","header-main-stick-meta":"","header-below-stick-meta":""},"product_brand":[],"product_cat":[20,193],"product_tag":[79],"class_list":{"0":"post-95","1":"product","2":"type-product","3":"status-publish","4":"has-post-thumbnail","6":"product_cat-per-femije","7":"product_cat-perralle","8":"product_tag-perralla","9":"desktop-align-left","10":"tablet-align-left","11":"mobile-align-left","13":"first","14":"instock","15":"shipping-taxable","16":"purchasable","17":"product-type-simple"},"acf":[],"_links":{"self":[{"href":"https:\/\/muzabotime.com\/en\/wp-json\/wp\/v2\/product\/95","targetHints":{"allow":["GET"]}}],"collection":[{"href":"https:\/\/muzabotime.com\/en\/wp-json\/wp\/v2\/product"}],"about":[{"href":"https:\/\/muzabotime.com\/en\/wp-json\/wp\/v2\/types\/product"}],"wp:featuredmedia":[{"embeddable":true,"href":"https:\/\/muzabotime.com\/en\/wp-json\/wp\/v2\/media\/1718"}],"wp:attachment":[{"href":"https:\/\/muzabotime.com\/en\/wp-json\/wp\/v2\/media?parent=95"}],"wp:term":[{"taxonomy":"product_brand","embeddable":true,"href":"https:\/\/muzabotime.com\/en\/wp-json\/wp\/v2\/product_brand?post=95"},{"taxonomy":"product_cat","embeddable":true,"href":"https:\/\/muzabotime.com\/en\/wp-json\/wp\/v2\/product_cat?post=95"},{"taxonomy":"product_tag","embeddable":true,"href":"https:\/\/muzabotime.com\/en\/wp-json\/wp\/v2\/product_tag?post=95"}],"curies":[{"name":"wp","href":"https:\/\/api.w.org\/{rel}","templated":true}]}}