{"id":96,"date":"2022-02-24T12:41:38","date_gmt":"2022-02-24T12:41:38","guid":{"rendered":"https:\/\/muzabotime.com\/?post_type=product&#038;p=96"},"modified":"2023-02-17T10:21:01","modified_gmt":"2023-02-17T10:21:01","slug":"max-seeck","status":"publish","type":"product","link":"https:\/\/muzabotime.com\/en\/product\/max-seeck\/","title":{"rendered":"Max Seeck"},"content":{"rendered":"<p>Ky lib\u00ebr debutues i Max Seeck-ut \u00ebsht\u00eb nj\u00eb <em>thriller<\/em> intensiv, me nj\u00eb komplot t\u00eb thurur me aq mjesht\u00ebri sa lexuesi e ka t\u00eb v\u00ebshtir\u00eb ta heq\u00eb m\u00ebnjan\u00eb e t\u00eb mos e \u00e7oj\u00eb deri n\u00eb fund.<\/p>","protected":false},"excerpt":{"rendered":"<p>AUTOR BESTSELLER I NEW YORK TIMES<\/p>\n<p>Ky lib\u00ebr ka fituar \u00e7mimin <em>Debut Thriller Prize<\/em> p\u00ebr vitin 2017<\/p>\n<p>I duhej t\u2019i rikthehej ferrit, megjith\u00ebse ishte betuar se do t\u2019i q\u00ebndronte larg.<\/p>\n<p>Kroaci. Deti Adriatik vezullon. Malet jan\u00eb t\u00eb gjelbra. Dielli rrezaton. T\u00eb nj\u00ebjtat peizazhe q\u00eb kishin shoq\u00ebruar at\u00eb luft\u00eb t\u00eb p\u00ebrgjakshme t\u00eb nj\u00ebzet viteve m\u00eb par\u00eb, pjes\u00eb e s\u00eb cil\u00ebs kishte qen\u00eb finlandezi Daniel Kuisma. Q\u00eb nga ajo koh\u00eb, brenda vetes, ai vuan nga nj\u00eb luft\u00eb e mundimshme. \u00c7far\u00eb ka ndodhur n\u00eb t\u00eb v\u00ebrtet\u00eb nj\u00ebzet vjet m\u00eb par\u00eb?<\/p>\n<p>Kuisma rikthehet n\u00eb tok\u00ebn kroate p\u00ebr t\u00eb hetuar zhdukjen e nj\u00eb punonj\u00ebsi t\u00eb Ambasad\u00ebs Finlandeze. E njeh k\u00ebt\u00eb vend si gishtat e dor\u00ebs. \u00cbsht\u00eb i shoq\u00ebruar nga nj\u00eb fem\u00ebr, e cila p\u00ebrtej bukuris\u00eb dhe klasit ka nj\u00eb mision p\u00ebr t\u00eb kryer. Befas ngjarjet marrin kthesa t\u00eb paparashikuara dhe ai m\u00ebson se lufta ka hedhur hije shum\u00eb m\u00eb t\u00eb forta nga sa mund ta kishte p\u00ebrfytyruar. P\u00ebrballet me t\u00eb v\u00ebrteta trondit\u00ebse. Kupton se nuk \u00ebsht\u00eb m\u00eb hetuesi, por i hetuari dhe i p\u00ebrndjekuri.<\/p>\n<p>Duket se gjith\u00e7ka ka lidhje me grupin e ashtuquajtur \u201cEngj\u00ebjt e Hamurabit\u201d, nj\u00eb skuad\u00ebr nd\u00ebshkuese q\u00eb k\u00ebrkonte t\u00eb merrte hak p\u00ebr krimet mizore t\u00eb ndodhura gjat\u00eb luft\u00ebrave n\u00eb Ish Jugosllavi.<\/p>","protected":false},"featured_media":1710,"template":"","meta":{"_acf_changed":false,"site-sidebar-layout":"default","site-content-layout":"default","ast-global-header-display":"","ast-banner-title-visibility":"","ast-main-header-display":"","ast-hfb-above-header-display":"","ast-hfb-below-header-display":"","ast-hfb-mobile-header-display":"","site-post-title":"","ast-breadcrumbs-content":"","ast-featured-img":"","footer-sml-layout":"","theme-transparent-header-meta":"default","adv-header-id-meta":"","stick-header-meta":"","header-above-stick-meta":"","header-main-stick-meta":"","header-below-stick-meta":""},"product_brand":[],"product_cat":[93,21],"product_tag":[77,95,78,92],"class_list":{"0":"post-96","1":"product","2":"type-product","3":"status-publish","4":"has-post-thumbnail","6":"product_cat-bestseller","7":"product_cat-roman","8":"product_tag-aksion","9":"product_tag-krim","10":"product_tag-mister","11":"product_tag-thriller","12":"desktop-align-left","13":"tablet-align-left","14":"mobile-align-left","16":"first","17":"instock","18":"shipping-taxable","19":"purchasable","20":"product-type-simple"},"acf":[],"_links":{"self":[{"href":"https:\/\/muzabotime.com\/en\/wp-json\/wp\/v2\/product\/96","targetHints":{"allow":["GET"]}}],"collection":[{"href":"https:\/\/muzabotime.com\/en\/wp-json\/wp\/v2\/product"}],"about":[{"href":"https:\/\/muzabotime.com\/en\/wp-json\/wp\/v2\/types\/product"}],"wp:featuredmedia":[{"embeddable":true,"href":"https:\/\/muzabotime.com\/en\/wp-json\/wp\/v2\/media\/1710"}],"wp:attachment":[{"href":"https:\/\/muzabotime.com\/en\/wp-json\/wp\/v2\/media?parent=96"}],"wp:term":[{"taxonomy":"product_brand","embeddable":true,"href":"https:\/\/muzabotime.com\/en\/wp-json\/wp\/v2\/product_brand?post=96"},{"taxonomy":"product_cat","embeddable":true,"href":"https:\/\/muzabotime.com\/en\/wp-json\/wp\/v2\/product_cat?post=96"},{"taxonomy":"product_tag","embeddable":true,"href":"https:\/\/muzabotime.com\/en\/wp-json\/wp\/v2\/product_tag?post=96"}],"curies":[{"name":"wp","href":"https:\/\/api.w.org\/{rel}","templated":true}]}}