{"id":97,"date":"2022-02-24T12:42:41","date_gmt":"2022-02-24T12:42:41","guid":{"rendered":"https:\/\/muzabotime.com\/?post_type=product&#038;p=97"},"modified":"2023-02-27T13:26:31","modified_gmt":"2023-02-27T13:26:31","slug":"vera-e-fluturave","status":"publish","type":"product","link":"https:\/\/muzabotime.com\/en\/product\/vera-e-fluturave\/","title":{"rendered":"Vera e fluturave"},"content":{"rendered":"<p>Ky lib\u00ebr \u00ebsht\u00eb futur n\u00eb list\u00ebn e Titujve Klasik\u00eb t\u00eb @usborne_books , sht\u00ebpia m\u00eb e madhe botuese n\u00eb Mbret\u00ebrin\u00eb e Bashkuar p\u00ebr librat p\u00ebr f\u00ebmij\u00eb.<\/p>","protected":false},"excerpt":{"rendered":"<h4><strong>Fitues i \u00e7mimit \u201cThe Oxfordshire Book Awards\u201d 2013<\/strong><\/h4>\n<p>N\u00eb nj\u00eb ver\u00eb t\u00eb mbushur me sekrete, e vetmja gj\u00eb q\u00eb Beki di \u00ebsht\u00eb se gjith\u00e7ka mund t\u00eb ndryshoj\u00eb n\u00eb rrahjen e krah\u00ebve t\u00eb nj\u00eb fluture&#8230;<\/p>\n<p>Kur Beki gjen nj\u00eb foto t\u00eb vjet\u00ebr n\u00ebn shtratin e mamas\u00eb s\u00eb saj, kupton se gjith\u00e7ka q\u00eb e rrethonte ishte nj\u00eb g\u00ebnjesht\u00ebr e madhe. I vetmi vend ku gjen qet\u00ebsi \u00ebsht\u00eb <em>Kopshti i fluturave<\/em>, me shoqen e saj t\u00eb re Roza Mei. Por me karakterin e pap\u00ebrmbajtsh\u00ebm dhe humorin e\u00a0 paparashikuesh\u00ebm, mos vall\u00eb mikja e saj po i fsheh di\u00e7ka? N\u00eb at\u00eb ver\u00eb t\u00eb nxeht\u00eb gjith\u00eb diell, duket se Beki \u00ebsht\u00eb e vetmja q\u00eb q\u00ebndron n\u00eb err\u00ebsir\u00eb.<\/p>\n<p>Hipnotizues dhe misterioz, nuk mund ta l\u00ebshosh nga dora. Nj\u00eb rr\u00ebfim rreth miq\u00ebsis\u00eb s\u00eb fort\u00eb dhe zbulimeve t\u00eb rrezikshme.<\/p>","protected":false},"featured_media":1704,"template":"","meta":{"_acf_changed":false,"site-sidebar-layout":"default","site-content-layout":"default","ast-global-header-display":"","ast-banner-title-visibility":"","ast-main-header-display":"","ast-hfb-above-header-display":"","ast-hfb-below-header-display":"","ast-hfb-mobile-header-display":"","site-post-title":"","ast-breadcrumbs-content":"","ast-featured-img":"","footer-sml-layout":"","theme-transparent-header-meta":"default","adv-header-id-meta":"","stick-header-meta":"","header-above-stick-meta":"","header-main-stick-meta":"","header-below-stick-meta":""},"product_brand":[],"product_cat":[38,40,21],"product_tag":[76,87,86],"class_list":{"0":"post-97","1":"product","2":"type-product","3":"status-publish","4":"has-post-thumbnail","6":"product_cat-per-te-rinj","7":"product_cat-me-te-shitur","8":"product_cat-roman","9":"product_tag-aventure","10":"product_tag-dashuri","11":"product_tag-miqesi","12":"desktop-align-left","13":"tablet-align-left","14":"mobile-align-left","16":"first","17":"instock","18":"downloadable","19":"virtual","20":"purchasable","21":"product-type-simple"},"acf":[],"_links":{"self":[{"href":"https:\/\/muzabotime.com\/en\/wp-json\/wp\/v2\/product\/97","targetHints":{"allow":["GET"]}}],"collection":[{"href":"https:\/\/muzabotime.com\/en\/wp-json\/wp\/v2\/product"}],"about":[{"href":"https:\/\/muzabotime.com\/en\/wp-json\/wp\/v2\/types\/product"}],"wp:featuredmedia":[{"embeddable":true,"href":"https:\/\/muzabotime.com\/en\/wp-json\/wp\/v2\/media\/1704"}],"wp:attachment":[{"href":"https:\/\/muzabotime.com\/en\/wp-json\/wp\/v2\/media?parent=97"}],"wp:term":[{"taxonomy":"product_brand","embeddable":true,"href":"https:\/\/muzabotime.com\/en\/wp-json\/wp\/v2\/product_brand?post=97"},{"taxonomy":"product_cat","embeddable":true,"href":"https:\/\/muzabotime.com\/en\/wp-json\/wp\/v2\/product_cat?post=97"},{"taxonomy":"product_tag","embeddable":true,"href":"https:\/\/muzabotime.com\/en\/wp-json\/wp\/v2\/product_tag?post=97"}],"curies":[{"name":"wp","href":"https:\/\/api.w.org\/{rel}","templated":true}]}}